{"id":991,"date":"2026-03-11T10:07:20","date_gmt":"2026-03-11T09:07:20","guid":{"rendered":"https:\/\/www.bilboseitai.com\/proyectos-2\/"},"modified":"2026-03-27T11:44:13","modified_gmt":"2026-03-27T10:44:13","slug":"proyectos-2","status":"publish","type":"page","link":"https:\/\/www.bilboseitai.com\/eu\/proyectos-2\/","title":{"rendered":"Proiektuak"},"content":{"rendered":"<section class=\"l-section wpb_row height_large width_full with_img parallax_ver parallaxdir_reversed\"><div class=\"l-section-img\" role=\"img\" aria-label=\"Image\" data-img-width=\"1500\" data-img-height=\"1000\" style=\"background-image: url(https:\/\/www.bilboseitai.com\/wp-content\/uploads\/2026\/02\/5227.jpg);background-repeat: no-repeat;\"><\/div><div class=\"l-section-overlay\" style=\"background:rgba(0,0,0,0.3)\"><\/div><div class=\"l-section-h i-cf\"><div class=\"g-cols vc_row via_grid cols_1 laptops-cols_inherit tablets-cols_inherit mobiles-cols_1 valign_top type_default stacking_default\"><div class=\"wpb_column vc_column_container\"><div class=\"vc_column-inner\"><div class=\"wpb_text_column us_custom_3cfbc15d has_text_color\"><div class=\"wpb_wrapper\"><h1 class=\"zfr3Q duRjpb CDt4Ke \" dir=\"ltr\" style=\"text-align: center;\">P<span class=\"FdCeP C9DxTc \">roiektuak<\/span><\/h1>\n<\/div><\/div><\/div><\/div><\/div><\/div><\/section><section class=\"l-section wpb_row height_medium\"><div class=\"l-section-h i-cf\"><div class=\"g-cols vc_row via_grid cols_2 laptops-cols_inherit tablets-cols_1 mobiles-cols_1 valign_middle type_default stacking_default\"><div class=\"wpb_column vc_column_container us_custom_6c21c073 us_animate_this\"><div class=\"vc_column-inner\"><div class=\"w-separator size_medium\"><\/div><div class=\"w-image us_custom_31b980e8 style_shadow-1 align_center\"><div class=\"w-image-h\"><img decoding=\"async\" width=\"2560\" height=\"1668\" src=\"https:\/\/www.bilboseitai.com\/wp-content\/uploads\/2026\/03\/P3270372-scaled-e1773220212221.jpg\" class=\"attachment-full size-full\" alt=\"\" loading=\"lazy\" srcset=\"https:\/\/www.bilboseitai.com\/wp-content\/uploads\/2026\/03\/P3270372-scaled-e1773220212221.jpg 2560w, https:\/\/www.bilboseitai.com\/wp-content\/uploads\/2026\/03\/P3270372-scaled-e1773220212221-300x195.jpg 300w, https:\/\/www.bilboseitai.com\/wp-content\/uploads\/2026\/03\/P3270372-scaled-e1773220212221-1024x667.jpg 1024w, https:\/\/www.bilboseitai.com\/wp-content\/uploads\/2026\/03\/P3270372-scaled-e1773220212221-600x391.jpg 600w\" sizes=\"auto, (max-width: 2560px) 100vw, 2560px\" \/><\/div><\/div><div class=\"w-separator size_small\"><\/div><div class=\"w-image us_custom_31b980e8 style_shadow-1 align_center\"><div class=\"w-image-h\"><img decoding=\"async\" width=\"1920\" height=\"1250\" src=\"https:\/\/www.bilboseitai.com\/wp-content\/uploads\/2026\/03\/P3270255-e1773220234416.jpg\" class=\"attachment-full size-full\" alt=\"\" loading=\"lazy\" srcset=\"https:\/\/www.bilboseitai.com\/wp-content\/uploads\/2026\/03\/P3270255-e1773220234416.jpg 1920w, https:\/\/www.bilboseitai.com\/wp-content\/uploads\/2026\/03\/P3270255-e1773220234416-300x195.jpg 300w, https:\/\/www.bilboseitai.com\/wp-content\/uploads\/2026\/03\/P3270255-e1773220234416-1024x667.jpg 1024w, https:\/\/www.bilboseitai.com\/wp-content\/uploads\/2026\/03\/P3270255-e1773220234416-600x391.jpg 600w\" sizes=\"auto, (max-width: 1920px) 100vw, 1920px\" \/><\/div><\/div><div class=\"w-separator size_small\"><\/div><\/div><\/div><div class=\"wpb_column vc_column_container us_custom_ff13c409 us_animate_this\"><div class=\"vc_column-inner\"><h2 class=\"w-text us_custom_a574d586 has_text_color\"><span class=\"w-text-h\"><span class=\"w-text-value\">Nire Bidaia Seitai-rekin: Mundu Tradizionaletik Mundu Birtualera<\/span><\/span><\/h2><div class=\"wpb_text_column\"><div class=\"wpb_wrapper\"><p class=\"zfr3Q CDt4Ke \" dir=\"ltr\"><span class=\"C9DxTc \">Seitai-rekin hasi nuenean, bere kultura eta jakinduria helarazteko desio sakona nuen, baina ez nintzen prest mundu digitalean murgiltzeko. Ez nuen ulertzen nola lagun ziezadakeen sare sozialek eta webguneek sentitzen nuena komunikatzen. Niretzat, Seitai-ren muina bizitzan oinarritzen zen, ez zerbait online partekatu beharko zenik.<\/span><\/p>\n<p class=\"zfr3Q CDt4Ke \" dir=\"ltr\"><span class=\"C9DxTc \">Hala ere, nire lagun onenek eta nire semeak kontrakoa erakutsi zidaten. Gizarte egungo hizkuntzara egokitzera animatu ninduten, eta Seitai-ren mezua jende gehiagora iritsi ahal izateko, gaur egungo gizartean garrantzi handia duten plataformetatik komunikatzen ikasi behar nuela erakutsi zidaten. Erronka bat izan zen, baina baita aukera bat ere.<\/span><\/p>\n<p class=\"zfr3Q CDt4Ke \" dir=\"ltr\"><span class=\"C9DxTc \">Hori dela eta, hemen nago, nire bizitzaren zati bat, nire esperientziak eta azken hamaika urteetan parte hartu ditudan proiektuak partekatzeko. Urte hauek intentsuak izan dira, ikaskuntzaz beteta, momentu zailak izan ditut, baina baita askotariko lorpen eta une zoragarriak ere. Webgune honen bidez, nire bidea erakutsi nahi dut, apaingarririk eta iragazkirik gabe, ni nola naizen, eta espero dut sakonagoa den zerbait bilatzen dutenekin konektatzea.<\/span><\/p>\n<p class=\"zfr3Q CDt4Ke \" dir=\"ltr\"><span class=\"C9DxTc \">Nire helburua ez da bakarrik irakastea, baizik eta Seitai-ren printzipioekin bizitzea zer den partekatzea. Apaltasunez eta aurreikuspenik gabe, espero dut espazio honek gogoetak, ezagutzak eta, batez ere, bizitza osatuago eta geure buruekin eta besteekin harmonian bizitzea bizitzeko espazio bat izatea.<\/span><\/p>\n<p class=\"zfr3Q CDt4Ke \" dir=\"ltr\"><span class=\"C9DxTc \">Eskerrik asko nire bidai honetan nirekin egoteagatik.<\/span><\/p>\n<\/div><\/div><\/div><\/div><\/div><\/div><\/section><section class=\"l-section wpb_row height_medium with_img parallax_ver parallaxdir_reversed\"><div class=\"l-section-img\" role=\"img\" aria-label=\"Image\" data-img-width=\"2560\" data-img-height=\"1440\" style=\"background-image: url(https:\/\/www.bilboseitai.com\/wp-content\/uploads\/2026\/03\/316233438_26127301-b5e7-497c-9164-6936309171bc-scaled.jpg);background-repeat: no-repeat;\"><\/div><div class=\"l-section-overlay\" style=\"background:rgba(255,255,255,0.95)\"><\/div><div class=\"l-section-h i-cf\"><div class=\"g-cols vc_row via_grid cols_1 laptops-cols_inherit tablets-cols_1 mobiles-cols_1 valign_middle type_default stacking_default\"><div class=\"wpb_column vc_column_container us_custom_eaca26c6 us_animate_this\"><div class=\"vc_column-inner\"><div class=\"w-grid us_post_list type_grid layout_portfolio_2 cols_5 preload_style_spinner ratio_1x1\" id=\"us_post_list_wb09\" style=\"--columns:5;--gap:0.5rem;--item-ratio:1;\"><style>@media (max-width:1024px){#us_post_list_wb09{--columns:2!important}}@media (max-width:600px){#us_post_list_wb09{--columns:1!important}}.layout_portfolio_2 .w-grid-item-h{background:#333}.layout_portfolio_2 .usg_post_image_1{transition-duration:0.35s;transform-origin:50% 50%;transform:scale(1) translate(0%,0%)}.layout_portfolio_2 .w-grid-item-h:focus-within .usg_post_image_1,.layout_portfolio_2 .w-grid-item-h:hover .usg_post_image_1{transform:scale(1.1) translate(0%,0%);opacity:0.1}.layout_portfolio_2 .usg_post_image_1{position:absolute!important;top:0!important;right:0!important;bottom:0!important;left:0!important}.layout_portfolio_2 .usg_vwrapper_1{position:absolute!important;right:0!important;bottom:0!important;left:0!important;background:linear-gradient(transparent,rgba(30,30,30,0.8))!important;padding:4rem 2rem 1.5rem 2rem!important}.layout_portfolio_2 .usg_post_title_1{color:#fff!important;font-size:1.2rem!important}.layout_portfolio_2 .usg_post_taxonomy_1{color:#fff!important;font-size:0.9rem!important}<\/style><div class=\"w-grid-list\">\t<article class=\"w-grid-item size_1x1 post-994 us_portfolio type-us_portfolio status-publish has-post-thumbnail hentry us_portfolio_category-proyectos\" data-id=\"994\">\r\n\t\t<div class=\"w-grid-item-h\">\r\n\t\t\t\t\t\t\t<a href=\"https:\/\/www.bilboseitai.com\/eu\/portfolio\/seitai-japon-mi-historia-interminable\/\" class=\"w-grid-item-anchor\" aria-label=\"Seitai Japonia, nire amaigabeko istorioa\"><\/a>\r\n\t\t\t\t\t\t<div class=\"w-post-elm post_image usg_post_image_1 stretched\"><img loading=\"lazy\" decoding=\"async\" width=\"1024\" height=\"667\" src=\"https:\/\/www.bilboseitai.com\/wp-content\/uploads\/2026\/03\/P3270372-scaled-e1773220212221-1024x667.jpg\" class=\"attachment-large size-large wp-post-image\" alt=\"\" srcset=\"https:\/\/www.bilboseitai.com\/wp-content\/uploads\/2026\/03\/P3270372-scaled-e1773220212221-1024x667.jpg 1024w, https:\/\/www.bilboseitai.com\/wp-content\/uploads\/2026\/03\/P3270372-scaled-e1773220212221-300x195.jpg 300w, https:\/\/www.bilboseitai.com\/wp-content\/uploads\/2026\/03\/P3270372-scaled-e1773220212221-600x391.jpg 600w\" sizes=\"auto, (max-width: 1024px) 100vw, 1024px\" \/><\/div><div class=\"w-vwrapper usg_vwrapper_1 align_none valign_top\"><h2 class=\"w-post-elm post_title usg_post_title_1 has_text_color entry-title color_link_inherit\">Seitai Japonia, nire amaigabeko istorioa<\/h2><div class=\"w-post-elm post_taxonomy usg_post_taxonomy_1 has_text_color style_simple color_link_inherit\"><span class=\"term-16 term-proyectos\">Proiektuak<\/span><\/div><\/div>\t\t<\/div>\r\n\t\t\t<\/article>\r\n\t<article class=\"w-grid-item size_1x1 post-1022 us_portfolio type-us_portfolio status-publish has-post-thumbnail hentry us_portfolio_category-proyectos\" data-id=\"1022\">\r\n\t\t<div class=\"w-grid-item-h\">\r\n\t\t\t\t\t\t\t<a href=\"https:\/\/www.bilboseitai.com\/eu\/portfolio\/sahara-campamentos-de-refugiados\/\" class=\"w-grid-item-anchor\" aria-label=\"Sahara, errefuxiatuen kanpamenduak\"><\/a>\r\n\t\t\t\t\t\t<div class=\"w-post-elm post_image usg_post_image_1 stretched\"><img loading=\"lazy\" decoding=\"async\" width=\"1024\" height=\"770\" src=\"https:\/\/www.bilboseitai.com\/wp-content\/uploads\/2026\/03\/unnamed-6-2-1024x770.jpg\" class=\"attachment-large size-large wp-post-image\" alt=\"\" srcset=\"https:\/\/www.bilboseitai.com\/wp-content\/uploads\/2026\/03\/unnamed-6-2-1024x770.jpg 1024w, https:\/\/www.bilboseitai.com\/wp-content\/uploads\/2026\/03\/unnamed-6-2-300x226.jpg 300w, https:\/\/www.bilboseitai.com\/wp-content\/uploads\/2026\/03\/unnamed-6-2-400x301.jpg 400w, https:\/\/www.bilboseitai.com\/wp-content\/uploads\/2026\/03\/unnamed-6-2-532x400.jpg 532w, https:\/\/www.bilboseitai.com\/wp-content\/uploads\/2026\/03\/unnamed-6-2.jpg 1280w\" sizes=\"auto, (max-width: 1024px) 100vw, 1024px\" \/><\/div><div class=\"w-vwrapper usg_vwrapper_1 align_none valign_top\"><h2 class=\"w-post-elm post_title usg_post_title_1 has_text_color entry-title color_link_inherit\">Sahara, errefuxiatuen kanpamenduak<\/h2><div class=\"w-post-elm post_taxonomy usg_post_taxonomy_1 has_text_color style_simple color_link_inherit\"><span class=\"term-16 term-proyectos\">Proiektuak<\/span><\/div><\/div>\t\t<\/div>\r\n\t\t\t<\/article>\r\n\t<article class=\"w-grid-item size_1x1 post-1026 us_portfolio type-us_portfolio status-publish has-post-thumbnail hentry us_portfolio_category-proyectos\" data-id=\"1026\">\r\n\t\t<div class=\"w-grid-item-h\">\r\n\t\t\t\t\t\t\t<a href=\"https:\/\/www.bilboseitai.com\/eu\/portfolio\/cooperativa-agricola-de-sant-joan-despi\/\" class=\"w-grid-item-anchor\" aria-label=\"Sant Joan Desp\u00edko Nekazaritza Kooperatiba\"><\/a>\r\n\t\t\t\t\t\t<div class=\"w-post-elm post_image usg_post_image_1 stretched\"><img loading=\"lazy\" decoding=\"async\" width=\"655\" height=\"498\" src=\"https:\/\/www.bilboseitai.com\/wp-content\/uploads\/2026\/03\/unnamed-13.jpg\" class=\"attachment-large size-large wp-post-image\" alt=\"\" srcset=\"https:\/\/www.bilboseitai.com\/wp-content\/uploads\/2026\/03\/unnamed-13.jpg 655w, https:\/\/www.bilboseitai.com\/wp-content\/uploads\/2026\/03\/unnamed-13-300x228.jpg 300w, https:\/\/www.bilboseitai.com\/wp-content\/uploads\/2026\/03\/unnamed-13-400x304.jpg 400w, https:\/\/www.bilboseitai.com\/wp-content\/uploads\/2026\/03\/unnamed-13-526x400.jpg 526w\" sizes=\"auto, (max-width: 655px) 100vw, 655px\" \/><\/div><div class=\"w-vwrapper usg_vwrapper_1 align_none valign_top\"><h2 class=\"w-post-elm post_title usg_post_title_1 has_text_color entry-title color_link_inherit\">Sant Joan Desp\u00edko Nekazaritza Kooperatiba<\/h2><div class=\"w-post-elm post_taxonomy usg_post_taxonomy_1 has_text_color style_simple color_link_inherit\"><span class=\"term-16 term-proyectos\">Proiektuak<\/span><\/div><\/div>\t\t<\/div>\r\n\t\t\t<\/article>\r\n\t<article class=\"w-grid-item size_1x1 post-1031 us_portfolio type-us_portfolio status-publish has-post-thumbnail hentry us_portfolio_category-proyectos\" data-id=\"1031\">\r\n\t\t<div class=\"w-grid-item-h\">\r\n\t\t\t\t\t\t\t<a href=\"https:\/\/www.bilboseitai.com\/eu\/portfolio\/lurre-hurre-bermeo\/\" class=\"w-grid-item-anchor\" aria-label=\"Lurre Hurre Bermeo\"><\/a>\r\n\t\t\t\t\t\t<div class=\"w-post-elm post_image usg_post_image_1 stretched\"><img loading=\"lazy\" decoding=\"async\" width=\"768\" height=\"1024\" src=\"https:\/\/www.bilboseitai.com\/wp-content\/uploads\/2026\/03\/unnamed-1-9-768x1024.jpg\" class=\"attachment-large size-large wp-post-image\" alt=\"\" srcset=\"https:\/\/www.bilboseitai.com\/wp-content\/uploads\/2026\/03\/unnamed-1-9-768x1024.jpg 768w, https:\/\/www.bilboseitai.com\/wp-content\/uploads\/2026\/03\/unnamed-1-9-225x300.jpg 225w, https:\/\/www.bilboseitai.com\/wp-content\/uploads\/2026\/03\/unnamed-1-9-300x400.jpg 300w, https:\/\/www.bilboseitai.com\/wp-content\/uploads\/2026\/03\/unnamed-1-9.jpg 1280w\" sizes=\"auto, (max-width: 768px) 100vw, 768px\" \/><\/div><div class=\"w-vwrapper usg_vwrapper_1 align_none valign_top\"><h2 class=\"w-post-elm post_title usg_post_title_1 has_text_color entry-title color_link_inherit\">Lurre Hurre Bermeo<\/h2><div class=\"w-post-elm post_taxonomy usg_post_taxonomy_1 has_text_color style_simple color_link_inherit\"><span class=\"term-16 term-proyectos\">Proiektuak<\/span><\/div><\/div>\t\t<\/div>\r\n\t\t\t<\/article>\r\n\t<article class=\"w-grid-item size_1x1 post-1036 us_portfolio type-us_portfolio status-publish has-post-thumbnail hentry us_portfolio_category-proyectos\" data-id=\"1036\">\r\n\t\t<div class=\"w-grid-item-h\">\r\n\t\t\t\t\t\t\t<a href=\"https:\/\/www.bilboseitai.com\/eu\/portfolio\/katsugen-undo-en-bermeo\/\" class=\"w-grid-item-anchor\" aria-label=\"Katsugen undo Bermeon\"><\/a>\r\n\t\t\t\t\t\t<div class=\"w-post-elm post_image usg_post_image_1 stretched\"><img loading=\"lazy\" decoding=\"async\" width=\"1024\" height=\"377\" src=\"https:\/\/www.bilboseitai.com\/wp-content\/uploads\/2026\/03\/unnamed-1-10-1024x377.jpg\" class=\"attachment-large size-large wp-post-image\" alt=\"\" \/><\/div><div class=\"w-vwrapper usg_vwrapper_1 align_none valign_top\"><h2 class=\"w-post-elm post_title usg_post_title_1 has_text_color entry-title color_link_inherit\">Katsugen undo Bermeon<\/h2><div class=\"w-post-elm post_taxonomy usg_post_taxonomy_1 has_text_color style_simple color_link_inherit\"><span class=\"term-16 term-proyectos\">Proiektuak<\/span><\/div><\/div>\t\t<\/div>\r\n\t\t\t<\/article>\r\n<\/div><div class=\"g-loadmore hidden\"><div class=\"g-preloader type_1\"><div><\/div><\/div><\/div><div class=\"w-grid-list-json hidden\" onclick='return {&quot;max_num_pages&quot;:0,&quot;paginationBase&quot;:&quot;page&quot;,&quot;pagination&quot;:&quot;none&quot;,&quot;paged&quot;:1,&quot;ajaxData&quot;:{&quot;action&quot;:&quot;us_ajax_post_list&quot;,&quot;meta_type&quot;:&quot;post&quot;,&quot;object_id&quot;:0,&quot;template_vars&quot;:{&quot;shortcode_base&quot;:&quot;us_post_list&quot;,&quot;paged&quot;:1,&quot;max_num_pages&quot;:0,&quot;no_results&quot;:false,&quot;us_post_content_design_css&quot;:[],&quot;found_posts&quot;:0,&quot;per_page&quot;:12,&quot;items_count&quot;:5,&quot;orderby_random_seed&quot;:null,&quot;source&quot;:&quot;post__in&quot;,&quot;ids&quot;:&quot;514,704,708,722,736&quot;,&quot;post_type&quot;:&quot;us_portfolio&quot;,&quot;attachment_ids&quot;:null,&quot;include_post_thumbnail&quot;:0,&quot;post_author&quot;:&quot;any&quot;,&quot;post_author_ids&quot;:&quot;&quot;,&quot;apply_url_params&quot;:0,&quot;ignore_sticky_posts&quot;:1,&quot;exclude_children&quot;:0,&quot;exclude_current_post&quot;:&quot;0&quot;,&quot;exclude_prev_posts&quot;:0,&quot;exclude_past_events&quot;:0,&quot;enable_items_offset&quot;:0,&quot;items_offset&quot;:&quot;1&quot;,&quot;tax_query_relation&quot;:&quot;none&quot;,&quot;tax_query&quot;:[{&quot;operator&quot;:&quot;IN&quot;,&quot;taxonomy&quot;:&quot;category&quot;,&quot;terms&quot;:&quot;&quot;,&quot;include_children&quot;:0}],&quot;meta_query_relation&quot;:&quot;none&quot;,&quot;meta_query&quot;:[{&quot;key&quot;:&quot;custom_field_name&quot;,&quot;compare&quot;:&quot;=&quot;,&quot;value&quot;:&quot;&quot;}],&quot;orderby&quot;:&quot;date&quot;,&quot;orderby_custom_field&quot;:&quot;&quot;,&quot;orderby_custom_type&quot;:0,&quot;order_invert&quot;:0,&quot;show_all&quot;:0,&quot;quantity&quot;:&quot;12&quot;,&quot;posts_per_archive_page&quot;:0,&quot;no_items_action&quot;:&quot;message&quot;,&quot;no_items_message&quot;:&quot;No results found.&quot;,&quot;no_items_page_block&quot;:&quot;&quot;,&quot;pagination&quot;:&quot;none&quot;,&quot;pagination_style&quot;:&quot;&quot;,&quot;pagination_btn_text&quot;:&quot;Load More&quot;,&quot;pagination_btn_size&quot;:&quot;&quot;,&quot;pagination_btn_style&quot;:&quot;1&quot;,&quot;pagination_btn_fullwidth&quot;:0,&quot;items_layout&quot;:&quot;portfolio_2&quot;,&quot;type&quot;:&quot;grid&quot;,&quot;items_valign&quot;:0,&quot;ignore_items_size&quot;:0,&quot;columns&quot;:&quot;5&quot;,&quot;items_gap&quot;:&quot;0.5rem&quot;,&quot;load_animation&quot;:&quot;none&quot;,&quot;items_preload_style&quot;:&quot;spinner&quot;,&quot;img_size&quot;:&quot;default&quot;,&quot;title_size&quot;:&quot;&quot;,&quot;items_ratio&quot;:&quot;default&quot;,&quot;items_ratio_width&quot;:&quot;21&quot;,&quot;items_ratio_height&quot;:&quot;9&quot;,&quot;overriding_link&quot;:&quot;%7B%22type%22%3A%22post%22%7D&quot;,&quot;popup_page_template&quot;:&quot;0&quot;,&quot;popup_width&quot;:&quot;&quot;,&quot;popup_arrows&quot;:1,&quot;breakpoint_1_width&quot;:&quot;1381px&quot;,&quot;breakpoint_1_cols&quot;:&quot;default&quot;,&quot;breakpoint_1_quantity&quot;:&quot;&quot;,&quot;breakpoint_1_gap&quot;:&quot;&quot;,&quot;breakpoint_2_width&quot;:&quot;1025px&quot;,&quot;breakpoint_2_cols&quot;:&quot;2&quot;,&quot;breakpoint_2_quantity&quot;:&quot;&quot;,&quot;breakpoint_2_gap&quot;:&quot;&quot;,&quot;breakpoint_3_width&quot;:&quot;601px&quot;,&quot;breakpoint_3_cols&quot;:&quot;1&quot;,&quot;breakpoint_3_quantity&quot;:&quot;&quot;,&quot;breakpoint_3_gap&quot;:&quot;&quot;,&quot;conditions_operator&quot;:&quot;always&quot;,&quot;conditions&quot;:[],&quot;css&quot;:null,&quot;el_class&quot;:&quot;&quot;,&quot;el_id&quot;:&quot;&quot;,&quot;enable_custom_html_atts&quot;:0,&quot;custom_html_atts&quot;:null,&quot;hide_on_states&quot;:&quot;&quot;,&quot;hide_for_sticky&quot;:0,&quot;hide_for_not_sticky&quot;:0,&quot;hide_below&quot;:&quot;0px&quot;,&quot;hide_above&quot;:&quot;0px&quot;,&quot;classes&quot;:&quot;&quot;},&quot;found_posts&quot;:0,&quot;per_page&quot;:12},&quot;facetedFilter&quot;:[]}'><\/div><\/div><\/div><\/div><\/div><\/div><\/section>\n","protected":false},"excerpt":{"rendered":"Katsugen undo Bermeon Katsugen undo tailerra Bermeon40 urte igaro ondoren, nire herrira itzuli nintzen, nire erroak, nire hizkuntza, mendiz mendi berdeak eta itsasoa, dantzak, amumaren baserria, ezagutzen ez nuen familia, eta horretatik datozen mendeetan barna doazen historia bat. Nire amuma, nire ama, nire anai-arrebak, ni eta nire semea. Eta hemen, nire herrian, izan zen non...","protected":false},"author":2,"featured_media":0,"parent":0,"menu_order":0,"comment_status":"closed","ping_status":"closed","template":"","meta":{"_joinchat":[],"footnotes":""},"class_list":["post-991","page","type-page","status-publish","hentry"],"yoast_head":"<!-- This site is optimized with the Yoast SEO plugin v27.5 - https:\/\/yoast.com\/product\/yoast-seo-wordpress\/ -->\n<title>Proiektuak - Bilboseitai<\/title>\n<meta name=\"robots\" content=\"index, follow, max-snippet:-1, max-image-preview:large, max-video-preview:-1\" \/>\n<link rel=\"canonical\" href=\"https:\/\/www.bilboseitai.com\/proyectos-2\/\" \/>\n<meta property=\"og:locale\" content=\"eu_ES\" \/>\n<meta property=\"og:type\" content=\"article\" \/>\n<meta property=\"og:title\" content=\"Proiektuak - Bilboseitai\" \/>\n<meta property=\"og:url\" content=\"https:\/\/www.bilboseitai.com\/proyectos-2\/\" \/>\n<meta property=\"og:site_name\" content=\"Bilboseitai\" \/>\n<meta property=\"article:modified_time\" content=\"2026-03-27T10:44:13+00:00\" \/>\n<meta name=\"twitter:card\" content=\"summary_large_image\" \/>\n<meta name=\"twitter:label1\" content=\"Est. reading time\" \/>\n\t<meta name=\"twitter:data1\" content=\"2 minutes\" \/>\n<script type=\"application\/ld+json\" class=\"yoast-schema-graph\">{\"@context\":\"https:\\\/\\\/schema.org\",\"@graph\":[{\"@type\":\"WebPage\",\"@id\":\"https:\\\/\\\/www.bilboseitai.com\\\/proyectos-2\\\/\",\"url\":\"https:\\\/\\\/www.bilboseitai.com\\\/proyectos-2\\\/\",\"name\":\"Proiektuak - Bilboseitai\",\"isPartOf\":{\"@id\":\"https:\\\/\\\/www.bilboseitai.com\\\/#website\"},\"datePublished\":\"2026-03-11T09:07:20+00:00\",\"dateModified\":\"2026-03-27T10:44:13+00:00\",\"breadcrumb\":{\"@id\":\"https:\\\/\\\/www.bilboseitai.com\\\/proyectos-2\\\/#breadcrumb\"},\"inLanguage\":\"eu-ES\",\"potentialAction\":[{\"@type\":\"ReadAction\",\"target\":[\"https:\\\/\\\/www.bilboseitai.com\\\/proyectos-2\\\/\"]}]},{\"@type\":\"BreadcrumbList\",\"@id\":\"https:\\\/\\\/www.bilboseitai.com\\\/proyectos-2\\\/#breadcrumb\",\"itemListElement\":[{\"@type\":\"ListItem\",\"position\":1,\"name\":\"Portada\",\"item\":\"https:\\\/\\\/www.bilboseitai.com\\\/eu\\\/\"},{\"@type\":\"ListItem\",\"position\":2,\"name\":\"Proiektuak\"}]},{\"@type\":\"WebSite\",\"@id\":\"https:\\\/\\\/www.bilboseitai.com\\\/#website\",\"url\":\"https:\\\/\\\/www.bilboseitai.com\\\/\",\"name\":\"Bilboseitai\",\"description\":\"C\u00f3mo movernos de manera natural, respetando nuestro cuerpo y nuestro vaiv\u00e9n, sin esfuerzo y mediante un sincero di\u00e1logo interior.\",\"potentialAction\":[{\"@type\":\"SearchAction\",\"target\":{\"@type\":\"EntryPoint\",\"urlTemplate\":\"https:\\\/\\\/www.bilboseitai.com\\\/?s={search_term_string}\"},\"query-input\":{\"@type\":\"PropertyValueSpecification\",\"valueRequired\":true,\"valueName\":\"search_term_string\"}}],\"inLanguage\":\"eu-ES\"}]}<\/script>\n<!-- \/ Yoast SEO plugin. -->","yoast_head_json":{"title":"Proiektuak - Bilboseitai","robots":{"index":"index","follow":"follow","max-snippet":"max-snippet:-1","max-image-preview":"max-image-preview:large","max-video-preview":"max-video-preview:-1"},"canonical":"https:\/\/www.bilboseitai.com\/proyectos-2\/","og_locale":"eu_ES","og_type":"article","og_title":"Proiektuak - Bilboseitai","og_url":"https:\/\/www.bilboseitai.com\/proyectos-2\/","og_site_name":"Bilboseitai","article_modified_time":"2026-03-27T10:44:13+00:00","twitter_card":"summary_large_image","twitter_misc":{"Est. reading time":"2 minutes"},"schema":{"@context":"https:\/\/schema.org","@graph":[{"@type":"WebPage","@id":"https:\/\/www.bilboseitai.com\/proyectos-2\/","url":"https:\/\/www.bilboseitai.com\/proyectos-2\/","name":"Proiektuak - Bilboseitai","isPartOf":{"@id":"https:\/\/www.bilboseitai.com\/#website"},"datePublished":"2026-03-11T09:07:20+00:00","dateModified":"2026-03-27T10:44:13+00:00","breadcrumb":{"@id":"https:\/\/www.bilboseitai.com\/proyectos-2\/#breadcrumb"},"inLanguage":"eu-ES","potentialAction":[{"@type":"ReadAction","target":["https:\/\/www.bilboseitai.com\/proyectos-2\/"]}]},{"@type":"BreadcrumbList","@id":"https:\/\/www.bilboseitai.com\/proyectos-2\/#breadcrumb","itemListElement":[{"@type":"ListItem","position":1,"name":"Portada","item":"https:\/\/www.bilboseitai.com\/eu\/"},{"@type":"ListItem","position":2,"name":"Proiektuak"}]},{"@type":"WebSite","@id":"https:\/\/www.bilboseitai.com\/#website","url":"https:\/\/www.bilboseitai.com\/","name":"Bilboseitai","description":"C\u00f3mo movernos de manera natural, respetando nuestro cuerpo y nuestro vaiv\u00e9n, sin esfuerzo y mediante un sincero di\u00e1logo interior.","potentialAction":[{"@type":"SearchAction","target":{"@type":"EntryPoint","urlTemplate":"https:\/\/www.bilboseitai.com\/?s={search_term_string}"},"query-input":{"@type":"PropertyValueSpecification","valueRequired":true,"valueName":"search_term_string"}}],"inLanguage":"eu-ES"}]}},"_links":{"self":[{"href":"https:\/\/www.bilboseitai.com\/eu\/wp-json\/wp\/v2\/pages\/991","targetHints":{"allow":["GET"]}}],"collection":[{"href":"https:\/\/www.bilboseitai.com\/eu\/wp-json\/wp\/v2\/pages"}],"about":[{"href":"https:\/\/www.bilboseitai.com\/eu\/wp-json\/wp\/v2\/types\/page"}],"author":[{"embeddable":true,"href":"https:\/\/www.bilboseitai.com\/eu\/wp-json\/wp\/v2\/users\/2"}],"replies":[{"embeddable":true,"href":"https:\/\/www.bilboseitai.com\/eu\/wp-json\/wp\/v2\/comments?post=991"}],"version-history":[{"count":2,"href":"https:\/\/www.bilboseitai.com\/eu\/wp-json\/wp\/v2\/pages\/991\/revisions"}],"predecessor-version":[{"id":993,"href":"https:\/\/www.bilboseitai.com\/eu\/wp-json\/wp\/v2\/pages\/991\/revisions\/993"}],"wp:attachment":[{"href":"https:\/\/www.bilboseitai.com\/eu\/wp-json\/wp\/v2\/media?parent=991"}],"curies":[{"name":"wp","href":"https:\/\/api.w.org\/{rel}","templated":true}]}}