{"id":984,"date":"2026-02-24T11:37:12","date_gmt":"2026-02-24T10:37:12","guid":{"rendered":"https:\/\/www.bilboseitai.com\/sobre-mi\/"},"modified":"2026-04-30T09:14:18","modified_gmt":"2026-04-30T07:14:18","slug":"sobre-mi","status":"publish","type":"page","link":"https:\/\/www.bilboseitai.com\/eu\/sobre-mi\/","title":{"rendered":"Niri buruz"},"content":{"rendered":"<section class=\"l-section wpb_row height_large width_full with_img parallax_ver parallaxdir_reversed\"><div class=\"l-section-img\" role=\"img\" aria-label=\"Image\" data-img-width=\"1500\" data-img-height=\"893\" style=\"background-image: url(https:\/\/www.bilboseitai.com\/wp-content\/uploads\/2026\/02\/11239.jpg);background-repeat: no-repeat;\"><\/div><div class=\"l-section-overlay\" style=\"background:rgba(0,0,0,0.3)\"><\/div><div class=\"l-section-h i-cf\"><div class=\"g-cols vc_row via_grid cols_1 laptops-cols_inherit tablets-cols_inherit mobiles-cols_1 valign_top type_default stacking_default\"><div class=\"wpb_column vc_column_container\"><div class=\"vc_column-inner\"><div class=\"wpb_text_column us_custom_3cfbc15d has_text_color\"><div class=\"wpb_wrapper\"><h1 style=\"text-align: center;\">Niri buruz<\/h1>\n<\/div><\/div><\/div><\/div><\/div><\/div><\/section><section class=\"l-section wpb_row height_medium\"><div class=\"l-section-h i-cf\"><div class=\"g-cols vc_row via_grid cols_2 laptops-cols_inherit tablets-cols_1 mobiles-cols_1 valign_middle type_default stacking_default\"><div class=\"wpb_column vc_column_container us_custom_6c21c073 us_animate_this\"><div class=\"vc_column-inner\"><div class=\"w-separator size_medium\"><\/div><div class=\"w-image us_custom_31b980e8 style_shadow-1 align_none\"><div class=\"w-image-h\"><img decoding=\"async\" width=\"1206\" height=\"910\" src=\"https:\/\/www.bilboseitai.com\/wp-content\/uploads\/2026\/03\/20250206_234506-e1772616772841.jpg\" class=\"attachment-full size-full\" alt=\"\" loading=\"lazy\" srcset=\"https:\/\/www.bilboseitai.com\/wp-content\/uploads\/2026\/03\/20250206_234506-e1772616772841.jpg 1206w, https:\/\/www.bilboseitai.com\/wp-content\/uploads\/2026\/03\/20250206_234506-e1772616772841-300x226.jpg 300w, https:\/\/www.bilboseitai.com\/wp-content\/uploads\/2026\/03\/20250206_234506-e1772616772841-1024x773.jpg 1024w\" sizes=\"auto, (max-width: 1206px) 100vw, 1206px\" \/><\/div><\/div><div class=\"w-separator size_small\"><\/div><div class=\"w-image us_custom_31b980e8 style_shadow-1 align_none\"><div class=\"w-image-h\"><img decoding=\"async\" width=\"948\" height=\"465\" src=\"https:\/\/www.bilboseitai.com\/wp-content\/uploads\/2026\/02\/5f9c15bd6c4db.jpeg\" class=\"attachment-full size-full\" alt=\"\" loading=\"lazy\" srcset=\"https:\/\/www.bilboseitai.com\/wp-content\/uploads\/2026\/02\/5f9c15bd6c4db.jpeg 948w, https:\/\/www.bilboseitai.com\/wp-content\/uploads\/2026\/02\/5f9c15bd6c4db-300x147.jpeg 300w\" sizes=\"auto, (max-width: 948px) 100vw, 948px\" \/><\/div><\/div><div class=\"w-separator size_small\"><\/div><\/div><\/div><div class=\"wpb_column vc_column_container us_custom_ff13c409 us_animate_this\"><div class=\"vc_column-inner\"><h2 class=\"w-text us_custom_a574d586 has_text_color\"><span class=\"w-text-h\"><span class=\"w-text-value\">Joseba Sierra Ruiz<\/span><\/span><\/h2><div class=\"wpb_text_column\"><div class=\"wpb_wrapper\"><p>Istorio hau 1996an hasten da, ni nire unibertsoaren erdigunea izateari uzten diodanean. 2014an Seitai kultura, Bartzelonako dojoa eta Katsumi Mamine ezagutu nituen. 2015ean lurra nire oinen azpitik desagertu zen eta amets sakon batetik esnatu nintzen.<\/p>\n<p>Nire semeak<span>\u00a0<\/span><span class=\"gmail-hover:entity-accent entity-underline gmail-inline gmail-cursor-pointer gmail-align-baseline\"><span class=\"gmail-whitespace-normal\">Katsumi Mamine<\/span><\/span>rengana hurbildu ninduen ikasle-irakasle harremanaz harago, eta Katsumik berriro nire sustraietara gerturatu ninduen eta etxera itzultzeko bidea erakutsi zidan. Proiektu hau nire semeari, nire amonari eta<span>\u00a0<\/span><span class=\"gmail-hover:entity-accent entity-underline gmail-inline gmail-cursor-pointer gmail-align-baseline\"><span class=\"gmail-whitespace-normal\">Katsumi Mamine<\/span><\/span>ri esker sortu da; hiru itsasargi nire bizitzan, haiek gabe gaur ez nintzatekeen naizena izango. Baina beste pertsona zoragarri askori esker ere bai; haietako batzuk jada joan ziren arren, gaur egun ere nire baitan bizi dira.<\/p>\n<p class=\"zfr3Q CDt4Ke \" dir=\"ltr\"><span class=\"C9DxTc \">Katsugen Undoaren praktika, Yuki eta Katsumi Maminek sortutako Esquema Osei-ren ariketa sinple eta iraultzaileek harridura handia eragin zidaten, eta berriro konektatzeko aukera eman zidaten nire bizitasunarekin eta malgutasun naturalarekin; guztiz ahaztuta nituen haurtzaroko bizipen eta sentsazioak esnarazi zizkidaten, aspaldi baztertuta nuen nire zati bat berreskuratuz.<\/span><\/p>\n<p class=\"zfr3Q CDt4Ke \" dir=\"ltr\"><span class=\"C9DxTc \">Hainbat urtez sakon ikasi nuen Seitai Kultura eta Esquema Osei Katsumi Maminekin eta bere lankideekin. Aldi berean, gizakiaren izaeran sakontzen eta ikertzen jarraitu nuen, Bartzelonako Unibertsitatean Zientzia Biomedikoetako ikasketak hasiz, g<\/span>azte maitagarriekin topo egin nuen, eta zientziarekiko grinaz kutsatu ninduten irakasle eta zientzialari handiak ezagutu nituen; horietako batzuk, Josep kasu, oraindik nirekin dira, laguntzen, irakasten eta pertsona gisa aberasten abentura honetan.<\/p>\n<p class=\"zfr3Q CDt4Ke \" dir=\"ltr\"><span class=\"C9DxTc \">Katsumi joan ondoren eta bizitzako hainbat aldaketaren ostean, enpresa mundua utzi nuen eta nire lurraldera itzuli nintzen; han landa eta gizarte proiektu miresgarri batean lagundu nuen, nire sustraiekin berriz elkartu nintzen, dantzekin, mendiarekin, itsasoarekin, eta Seitai praktikatzen eta partekatzen jarraitu nuen.( <\/span><a class=\"XqQF9c\" href=\"https:\/\/www.bilboseitai.com\/eu\/portfolio\/katsugen-undo-en-bermeo\/\"><span class=\"C9DxTc aw5Odc \">Katsugen undo Bermeon<\/span><\/a><span class=\"C9DxTc \">).<\/span><\/p>\n<p class=\"zfr3Q CDt4Ke \" dir=\"ltr\"><span class=\"C9DxTc \">Geroago, Japoniara bidaiatu nuen ikasten jarraitzeko, Seitai Kyokaiko kide arrunt gisa, Hiroyuki Noguchirekin, Kokeguchirekin, Merirekin eta beste hainbat lagunekin batera; gaur arte mantentzen dudan lotura da( <\/span><a class=\"XqQF9c\" href=\"https:\/\/www.bilboseitai.com\/eu\/portfolio\/seitai-japon-mi-historia-interminable\/\"><span class=\"C9DxTc aw5Odc \">Seitai Japonia<\/span><\/a><span class=\"C9DxTc \">).<\/span><\/p>\n<p class=\"zfr3Q CDt4Ke \" dir=\"ltr\"><span class=\"C9DxTc \"><a href=\"https:\/\/www.bilboseitai.com\/eu\/portfolio\/sahara-campamentos-de-refugiados\/\">Saharatik<\/a> itzultzen naizenean, 2025ean, Bilboseitai sortu zen, Bilbotik Seitai Kultura, Haruchika Noguchiren, Katsumi Maminen ondarea, eta mugimendu espontaneoa zabaltzeko helburuarekin, modu eskuragarri, bizi eta belaunaldi guztiei irekian.<\/span><\/p>\n<p class=\"zfr3Q CDt4Ke \" dir=\"ltr\">Ikuspegi kultural eta <strong>EZ<\/strong> terapeutiko batetik, nik Katsumirekin bizi izan nuen bezala eta Japonian ezagutu eta bizi izan dudan moduan.<\/p>\n<\/div><\/div><\/div><\/div><\/div><\/div><\/section>\n","protected":false},"excerpt":{"rendered":"Niri buruz Joseba Sierra RuizIstorio hau 1996an hasten da, ni nire unibertsoaren erdigunea izateari uzten diodanean. 2014an Seitai kultura, Bartzelonako dojoa eta Katsumi Mamine ezagutu nituen. 2015ean lurra nire oinen azpitik desagertu zen eta amets sakon batetik esnatu nintzen. Nire semeak\u00a0Katsumi Maminerengana hurbildu ninduen ikasle-irakasle harremanaz harago, eta Katsumik berriro nire sustraietara gerturatu ninduen eta...","protected":false},"author":2,"featured_media":0,"parent":0,"menu_order":0,"comment_status":"closed","ping_status":"closed","template":"","meta":{"_joinchat":[],"footnotes":""},"class_list":["post-984","page","type-page","status-publish","hentry"],"yoast_head":"<!-- This site is optimized with the Yoast SEO plugin v27.5 - https:\/\/yoast.com\/product\/yoast-seo-wordpress\/ -->\n<title>Niri buruz - Bilboseitai<\/title>\n<meta name=\"robots\" content=\"index, follow, max-snippet:-1, max-image-preview:large, max-video-preview:-1\" \/>\n<link rel=\"canonical\" href=\"https:\/\/www.bilboseitai.com\/eu\/sobre-mi\/\" \/>\n<meta property=\"og:locale\" content=\"eu_ES\" \/>\n<meta property=\"og:type\" content=\"article\" \/>\n<meta property=\"og:title\" content=\"Niri buruz - Bilboseitai\" \/>\n<meta property=\"og:url\" content=\"https:\/\/www.bilboseitai.com\/eu\/sobre-mi\/\" \/>\n<meta property=\"og:site_name\" content=\"Bilboseitai\" \/>\n<meta property=\"article:modified_time\" content=\"2026-04-30T07:14:18+00:00\" \/>\n<meta name=\"twitter:card\" content=\"summary_large_image\" \/>\n<meta name=\"twitter:label1\" content=\"Est. reading time\" \/>\n\t<meta name=\"twitter:data1\" content=\"2 minutes\" \/>\n<script type=\"application\/ld+json\" class=\"yoast-schema-graph\">{\"@context\":\"https:\\\/\\\/schema.org\",\"@graph\":[{\"@type\":\"WebPage\",\"@id\":\"https:\\\/\\\/www.bilboseitai.com\\\/eu\\\/sobre-mi\\\/\",\"url\":\"https:\\\/\\\/www.bilboseitai.com\\\/eu\\\/sobre-mi\\\/\",\"name\":\"Niri buruz - Bilboseitai\",\"isPartOf\":{\"@id\":\"https:\\\/\\\/www.bilboseitai.com\\\/#website\"},\"datePublished\":\"2026-02-24T10:37:12+00:00\",\"dateModified\":\"2026-04-30T07:14:18+00:00\",\"breadcrumb\":{\"@id\":\"https:\\\/\\\/www.bilboseitai.com\\\/eu\\\/sobre-mi\\\/#breadcrumb\"},\"inLanguage\":\"eu-ES\",\"potentialAction\":[{\"@type\":\"ReadAction\",\"target\":[\"https:\\\/\\\/www.bilboseitai.com\\\/eu\\\/sobre-mi\\\/\"]}]},{\"@type\":\"BreadcrumbList\",\"@id\":\"https:\\\/\\\/www.bilboseitai.com\\\/eu\\\/sobre-mi\\\/#breadcrumb\",\"itemListElement\":[{\"@type\":\"ListItem\",\"position\":1,\"name\":\"Portada\",\"item\":\"https:\\\/\\\/www.bilboseitai.com\\\/eu\\\/\"},{\"@type\":\"ListItem\",\"position\":2,\"name\":\"Niri buruz\"}]},{\"@type\":\"WebSite\",\"@id\":\"https:\\\/\\\/www.bilboseitai.com\\\/#website\",\"url\":\"https:\\\/\\\/www.bilboseitai.com\\\/\",\"name\":\"Bilboseitai\",\"description\":\"C\u00f3mo movernos de manera natural, respetando nuestro cuerpo y nuestro vaiv\u00e9n, sin esfuerzo y mediante un sincero di\u00e1logo interior.\",\"potentialAction\":[{\"@type\":\"SearchAction\",\"target\":{\"@type\":\"EntryPoint\",\"urlTemplate\":\"https:\\\/\\\/www.bilboseitai.com\\\/?s={search_term_string}\"},\"query-input\":{\"@type\":\"PropertyValueSpecification\",\"valueRequired\":true,\"valueName\":\"search_term_string\"}}],\"inLanguage\":\"eu-ES\"}]}<\/script>\n<!-- \/ Yoast SEO plugin. -->","yoast_head_json":{"title":"Niri buruz - Bilboseitai","robots":{"index":"index","follow":"follow","max-snippet":"max-snippet:-1","max-image-preview":"max-image-preview:large","max-video-preview":"max-video-preview:-1"},"canonical":"https:\/\/www.bilboseitai.com\/eu\/sobre-mi\/","og_locale":"eu_ES","og_type":"article","og_title":"Niri buruz - Bilboseitai","og_url":"https:\/\/www.bilboseitai.com\/eu\/sobre-mi\/","og_site_name":"Bilboseitai","article_modified_time":"2026-04-30T07:14:18+00:00","twitter_card":"summary_large_image","twitter_misc":{"Est. reading time":"2 minutes"},"schema":{"@context":"https:\/\/schema.org","@graph":[{"@type":"WebPage","@id":"https:\/\/www.bilboseitai.com\/eu\/sobre-mi\/","url":"https:\/\/www.bilboseitai.com\/eu\/sobre-mi\/","name":"Niri buruz - Bilboseitai","isPartOf":{"@id":"https:\/\/www.bilboseitai.com\/#website"},"datePublished":"2026-02-24T10:37:12+00:00","dateModified":"2026-04-30T07:14:18+00:00","breadcrumb":{"@id":"https:\/\/www.bilboseitai.com\/eu\/sobre-mi\/#breadcrumb"},"inLanguage":"eu-ES","potentialAction":[{"@type":"ReadAction","target":["https:\/\/www.bilboseitai.com\/eu\/sobre-mi\/"]}]},{"@type":"BreadcrumbList","@id":"https:\/\/www.bilboseitai.com\/eu\/sobre-mi\/#breadcrumb","itemListElement":[{"@type":"ListItem","position":1,"name":"Portada","item":"https:\/\/www.bilboseitai.com\/eu\/"},{"@type":"ListItem","position":2,"name":"Niri buruz"}]},{"@type":"WebSite","@id":"https:\/\/www.bilboseitai.com\/#website","url":"https:\/\/www.bilboseitai.com\/","name":"Bilboseitai","description":"C\u00f3mo movernos de manera natural, respetando nuestro cuerpo y nuestro vaiv\u00e9n, sin esfuerzo y mediante un sincero di\u00e1logo interior.","potentialAction":[{"@type":"SearchAction","target":{"@type":"EntryPoint","urlTemplate":"https:\/\/www.bilboseitai.com\/?s={search_term_string}"},"query-input":{"@type":"PropertyValueSpecification","valueRequired":true,"valueName":"search_term_string"}}],"inLanguage":"eu-ES"}]}},"_links":{"self":[{"href":"https:\/\/www.bilboseitai.com\/eu\/wp-json\/wp\/v2\/pages\/984","targetHints":{"allow":["GET"]}}],"collection":[{"href":"https:\/\/www.bilboseitai.com\/eu\/wp-json\/wp\/v2\/pages"}],"about":[{"href":"https:\/\/www.bilboseitai.com\/eu\/wp-json\/wp\/v2\/types\/page"}],"author":[{"embeddable":true,"href":"https:\/\/www.bilboseitai.com\/eu\/wp-json\/wp\/v2\/users\/2"}],"replies":[{"embeddable":true,"href":"https:\/\/www.bilboseitai.com\/eu\/wp-json\/wp\/v2\/comments?post=984"}],"version-history":[{"count":12,"href":"https:\/\/www.bilboseitai.com\/eu\/wp-json\/wp\/v2\/pages\/984\/revisions"}],"predecessor-version":[{"id":1288,"href":"https:\/\/www.bilboseitai.com\/eu\/wp-json\/wp\/v2\/pages\/984\/revisions\/1288"}],"wp:attachment":[{"href":"https:\/\/www.bilboseitai.com\/eu\/wp-json\/wp\/v2\/media?parent=984"}],"curies":[{"name":"wp","href":"https:\/\/api.w.org\/{rel}","templated":true}]}}