{"id":967,"date":"2026-03-03T13:37:25","date_gmt":"2026-03-03T12:37:25","guid":{"rendered":"https:\/\/www.bilboseitai.com\/yuki\/"},"modified":"2026-03-27T11:34:41","modified_gmt":"2026-03-27T10:34:41","slug":"yuki","status":"publish","type":"page","link":"https:\/\/www.bilboseitai.com\/eu\/yuki\/","title":{"rendered":"Yuki"},"content":{"rendered":"<section class=\"l-section wpb_row height_large width_full with_img parallax_ver parallaxdir_reversed\"><div class=\"l-section-img\" role=\"img\" aria-label=\"Image\" data-img-width=\"1500\" data-img-height=\"837\" style=\"background-image: url(https:\/\/www.bilboseitai.com\/wp-content\/uploads\/2026\/02\/41039.jpg);background-repeat: no-repeat;\"><\/div><div class=\"l-section-overlay\" style=\"background:rgba(0,0,0,0.3)\"><\/div><div class=\"l-section-h i-cf\"><div class=\"g-cols vc_row via_grid cols_1 laptops-cols_inherit tablets-cols_inherit mobiles-cols_1 valign_top type_default stacking_default\"><div class=\"wpb_column vc_column_container\"><div class=\"vc_column-inner\"><div class=\"wpb_text_column us_custom_3cfbc15d has_text_color\"><div class=\"wpb_wrapper\"><h1 class=\"zfr3Q duRjpb CDt4Ke \" dir=\"ltr\" style=\"text-align: center;\"><span class=\"FdCeP C9DxTc \">\u6109\u6c17\u00a0<\/span><span class=\"FdCeP C9DxTc \">Yuki<\/span><\/h1>\n<\/div><\/div><\/div><\/div><\/div><\/div><\/section><section class=\"l-section wpb_row height_medium\"><div class=\"l-section-h i-cf\"><div class=\"g-cols vc_row via_grid cols_2 laptops-cols_inherit tablets-cols_1 mobiles-cols_1 valign_middle type_default stacking_default\"><div class=\"wpb_column vc_column_container us_custom_6c21c073 us_animate_this\"><div class=\"vc_column-inner\"><div class=\"w-separator size_medium\"><\/div><div class=\"w-image us_custom_31b980e8 style_shadow-1 align_center\"><div class=\"w-image-h\"><img decoding=\"async\" width=\"1535\" height=\"865\" src=\"https:\/\/www.bilboseitai.com\/wp-content\/uploads\/2026\/03\/Practica-Yuki-Seitai-Barcelona-e1772791989266.jpg\" class=\"attachment-full size-full\" alt=\"\" loading=\"lazy\" srcset=\"https:\/\/www.bilboseitai.com\/wp-content\/uploads\/2026\/03\/Practica-Yuki-Seitai-Barcelona-e1772791989266.jpg 1535w, https:\/\/www.bilboseitai.com\/wp-content\/uploads\/2026\/03\/Practica-Yuki-Seitai-Barcelona-e1772791989266-300x169.jpg 300w, https:\/\/www.bilboseitai.com\/wp-content\/uploads\/2026\/03\/Practica-Yuki-Seitai-Barcelona-e1772791989266-1024x577.jpg 1024w, https:\/\/www.bilboseitai.com\/wp-content\/uploads\/2026\/03\/Practica-Yuki-Seitai-Barcelona-e1772791989266-600x338.jpg 600w\" sizes=\"auto, (max-width: 1535px) 100vw, 1535px\" \/><\/div><\/div><div class=\"w-separator size_small\"><\/div><div class=\"w-image us_custom_31b980e8 style_shadow-1 align_center\"><div class=\"w-image-h\"><img decoding=\"async\" width=\"1535\" height=\"881\" src=\"https:\/\/www.bilboseitai.com\/wp-content\/uploads\/2026\/03\/Practica-de-yuki-Seitai-Barcelona-2006.jpg\" class=\"attachment-full size-full\" alt=\"\" loading=\"lazy\" srcset=\"https:\/\/www.bilboseitai.com\/wp-content\/uploads\/2026\/03\/Practica-de-yuki-Seitai-Barcelona-2006.jpg 1535w, https:\/\/www.bilboseitai.com\/wp-content\/uploads\/2026\/03\/Practica-de-yuki-Seitai-Barcelona-2006-300x172.jpg 300w, https:\/\/www.bilboseitai.com\/wp-content\/uploads\/2026\/03\/Practica-de-yuki-Seitai-Barcelona-2006-1024x588.jpg 1024w\" sizes=\"auto, (max-width: 1535px) 100vw, 1535px\" \/><\/div><\/div><div class=\"w-separator size_small\"><\/div><\/div><\/div><div class=\"wpb_column vc_column_container us_custom_ff13c409 us_animate_this\"><div class=\"vc_column-inner\"><h2 class=\"w-text us_custom_a574d586 has_text_color\"><span class=\"w-text-h\"><span class=\"w-text-value\">Yuki<\/span><\/span><\/h2><div class=\"wpb_text_column\"><div class=\"wpb_wrapper\"><p class=\"zfr3Q CDt4Ke \" dir=\"ltr\"><span class=\"C9DxTc \">Yuki hitzak &#8220;Ki atsegina&#8221; esan nahi du. <\/span><span class=\"C9DxTc \">Bere praktika, katsugen-aren antzera, mugimendu espontaneoaren behaketatik abiatzen da, baina arreta eskuetan jarriz. <\/span><span class=\"C9DxTc \">Yuki gurekin geure buruan, bikotez edo taldeka praktikatu daiteke. <\/span><span class=\"C9DxTc \">Yuki gorputzaren edozein lekutan eskuak jartzeko eta bizitzaren mugimendua sentitzeko instintiboarekin lotutako keinua da, hauen bidez arnasketa, tenperatura, ehunen koherentzia eta abar nabari daitezke.<\/span><span class=\"C9DxTc \"><br \/>\n<\/span><span class=\"C9DxTc \">Eskuen presentziak lekua non dauden kontzientzia hartzen laguntzen digu. Egoera hau sentitzea beharrezko bihurtzen da, eta horrek, behar izanez gero, mugimenduaren marjina handitzea ekar dezake, eta horrek CVP-ren (Burmuina, Bizkarrezurra, Pelbisa) osotasunean eragina du.<\/span><\/p>\n<p class=\"zfr3Q CDt4Ke \" dir=\"ltr\"><span class=\"C9DxTc \">Helburu berezirik ez duen prestakuntza bat, eskuen naturako sentikortasuna berreskuratzen laguntzen du, eskuak zuzentzen digun lekua edo zuzenean lotutako guneak.<\/span><span class=\"C9DxTc \"><br \/>\n<\/span><span class=\"C9DxTc \">Praktikaren bidez kontuan hartu daitezkeen hainbat gai daude. Hasieran eskuen oinarrizko sentimendua lantzen hasten gara, eta entzute jarrera hori galdu gabe, denborarekin espontaneo mugimenduaren egituraren logikaren arabera arreta eta behaketa gaiak sentikortzen joan gaitezke.<\/span><span class=\"C9DxTc \"><br \/>\n<\/span><span class=\"C9DxTc \">Gure gorputzean bizitzako eremu batzuk daude, non yukik arnasketa zabaltzea eta katsugen praktikaz sartzea erraz dezakeen.<\/span><\/p>\n<p><strong>Estudi Seitai:<\/strong> <a href=\"http:\/\/www.estudiseitai.cat\">http:\/\/www.estudiseitai.cat<\/a><\/p>\n<\/div><\/div><\/div><\/div><\/div><\/div><\/section><section class=\"l-section wpb_row height_medium with_img parallax_ver parallaxdir_reversed\"><div class=\"l-section-img\" role=\"img\" aria-label=\"Image\" data-img-width=\"1500\" data-img-height=\"841\" style=\"background-image: url(https:\/\/www.bilboseitai.com\/wp-content\/uploads\/2026\/03\/20378.jpg);background-repeat: no-repeat;\"><\/div><div class=\"l-section-overlay\" style=\"background:rgba(255,255,255,0.95)\"><\/div><div class=\"l-section-h i-cf\"><div class=\"g-cols vc_row via_grid cols_2 laptops-cols_inherit tablets-cols_1 mobiles-cols_1 valign_middle type_default stacking_default\"><div class=\"wpb_column vc_column_container us_custom_6c21c073 us_animate_this\"><div class=\"vc_column-inner\"><div class=\"w-separator size_medium\"><\/div><div class=\"w-image us_custom_31b980e8 style_shadow-1 align_center\"><div class=\"w-image-h\"><img decoding=\"async\" width=\"1152\" height=\"527\" src=\"https:\/\/www.bilboseitai.com\/wp-content\/uploads\/2026\/03\/Captura-de-pantalla-2026-03-03-133630.png\" class=\"attachment-full size-full\" alt=\"\" loading=\"lazy\" srcset=\"https:\/\/www.bilboseitai.com\/wp-content\/uploads\/2026\/03\/Captura-de-pantalla-2026-03-03-133630.png 1152w, https:\/\/www.bilboseitai.com\/wp-content\/uploads\/2026\/03\/Captura-de-pantalla-2026-03-03-133630-300x137.png 300w, https:\/\/www.bilboseitai.com\/wp-content\/uploads\/2026\/03\/Captura-de-pantalla-2026-03-03-133630-1024x468.png 1024w\" sizes=\"auto, (max-width: 1152px) 100vw, 1152px\" \/><\/div><\/div><div class=\"w-separator size_small\"><\/div><\/div><\/div><div class=\"wpb_column vc_column_container us_custom_ff13c409 us_animate_this\"><div class=\"vc_column-inner\"><h2 class=\"w-text us_custom_e1ac95b1 has_text_color\"><span class=\"w-text-h\"><span class=\"w-text-value\">Burmuin garbi eta lasai bat<\/span><\/span><\/h2><div class=\"wpb_text_column\"><div class=\"wpb_wrapper\"><p class=\"zfr3Q CDt4Ke \" dir=\"ltr\"><span class=\"C9DxTc \">&#8220;Udazkeneko eguzki egun batean bezala, non hodeiak desagertzen diren eta zerua urdindu egiten den. Gure burmuineko pentsamendu kezkagarriak desagertzen direnean, argitasun mental bat agertzen da. Argitasun honekin, pertsonak elkarrekin energia sentitu dezakete. Horregatik, burmuina lasaitu eta pentsamendu kezkagarriak apalduz, energia hori sentitzeko gai izango da.<\/span><\/p>\n<p class=\"zfr3Q CDt4Ke \" dir=\"ltr\"><span class=\"C9DxTc \">Elikagai elikagarriak kontsumitzen dituzten arren ez dutenek bere izatean distira, hau praktikatuz, berriz indartsu sentitu eta denbora pasatzean, barruan energia bat sortzen dela ohartuko dira.<\/span><\/p>\n<p style=\"text-align: right;\"><span class=\"C9DxTc \">BIZITZA OSASUNTSU BATEN PRINTZIPIOAK<\/span><br \/>\n<em>25 de junio de 1976, Haruchika Noguchi<\/em><\/p>\n<\/div><\/div><\/div><\/div><\/div><\/div><\/section>\n","protected":false},"excerpt":{"rendered":"\u6109\u6c17\u00a0Yuki YukiYuki hitzak &#8220;Ki atsegina&#8221; esan nahi du. Bere praktika, katsugen-aren antzera, mugimendu espontaneoaren behaketatik abiatzen da, baina arreta eskuetan jarriz. Yuki gurekin geure buruan, bikotez edo taldeka praktikatu daiteke. Yuki gorputzaren edozein lekutan eskuak jartzeko eta bizitzaren mugimendua sentitzeko instintiboarekin lotutako keinua da, hauen bidez arnasketa, tenperatura, ehunen koherentzia eta abar nabari daitezke. Eskuen...","protected":false},"author":2,"featured_media":0,"parent":0,"menu_order":0,"comment_status":"closed","ping_status":"closed","template":"","meta":{"_joinchat":[],"footnotes":""},"class_list":["post-967","page","type-page","status-publish","hentry"],"yoast_head":"<!-- This site is optimized with the Yoast SEO plugin v27.5 - https:\/\/yoast.com\/product\/yoast-seo-wordpress\/ -->\n<title>Yuki - Bilboseitai<\/title>\n<meta name=\"robots\" content=\"index, follow, max-snippet:-1, max-image-preview:large, max-video-preview:-1\" \/>\n<link rel=\"canonical\" href=\"https:\/\/www.bilboseitai.com\/yuki\/\" \/>\n<meta property=\"og:locale\" content=\"eu_ES\" \/>\n<meta property=\"og:type\" content=\"article\" \/>\n<meta property=\"og:title\" content=\"Yuki - Bilboseitai\" \/>\n<meta property=\"og:url\" content=\"https:\/\/www.bilboseitai.com\/yuki\/\" \/>\n<meta property=\"og:site_name\" content=\"Bilboseitai\" \/>\n<meta property=\"article:modified_time\" content=\"2026-03-27T10:34:41+00:00\" \/>\n<meta name=\"twitter:card\" content=\"summary_large_image\" \/>\n<meta name=\"twitter:label1\" content=\"Est. reading time\" \/>\n\t<meta name=\"twitter:data1\" content=\"2 minutes\" \/>\n<script type=\"application\/ld+json\" class=\"yoast-schema-graph\">{\"@context\":\"https:\\\/\\\/schema.org\",\"@graph\":[{\"@type\":\"WebPage\",\"@id\":\"https:\\\/\\\/www.bilboseitai.com\\\/yuki\\\/\",\"url\":\"https:\\\/\\\/www.bilboseitai.com\\\/yuki\\\/\",\"name\":\"Yuki - Bilboseitai\",\"isPartOf\":{\"@id\":\"https:\\\/\\\/www.bilboseitai.com\\\/#website\"},\"datePublished\":\"2026-03-03T12:37:25+00:00\",\"dateModified\":\"2026-03-27T10:34:41+00:00\",\"breadcrumb\":{\"@id\":\"https:\\\/\\\/www.bilboseitai.com\\\/yuki\\\/#breadcrumb\"},\"inLanguage\":\"eu-ES\",\"potentialAction\":[{\"@type\":\"ReadAction\",\"target\":[\"https:\\\/\\\/www.bilboseitai.com\\\/yuki\\\/\"]}]},{\"@type\":\"BreadcrumbList\",\"@id\":\"https:\\\/\\\/www.bilboseitai.com\\\/yuki\\\/#breadcrumb\",\"itemListElement\":[{\"@type\":\"ListItem\",\"position\":1,\"name\":\"Portada\",\"item\":\"https:\\\/\\\/www.bilboseitai.com\\\/eu\\\/\"},{\"@type\":\"ListItem\",\"position\":2,\"name\":\"Yuki\"}]},{\"@type\":\"WebSite\",\"@id\":\"https:\\\/\\\/www.bilboseitai.com\\\/#website\",\"url\":\"https:\\\/\\\/www.bilboseitai.com\\\/\",\"name\":\"Bilboseitai\",\"description\":\"C\u00f3mo movernos de manera natural, respetando nuestro cuerpo y nuestro vaiv\u00e9n, sin esfuerzo y mediante un sincero di\u00e1logo interior.\",\"potentialAction\":[{\"@type\":\"SearchAction\",\"target\":{\"@type\":\"EntryPoint\",\"urlTemplate\":\"https:\\\/\\\/www.bilboseitai.com\\\/?s={search_term_string}\"},\"query-input\":{\"@type\":\"PropertyValueSpecification\",\"valueRequired\":true,\"valueName\":\"search_term_string\"}}],\"inLanguage\":\"eu-ES\"}]}<\/script>\n<!-- \/ Yoast SEO plugin. -->","yoast_head_json":{"title":"Yuki - Bilboseitai","robots":{"index":"index","follow":"follow","max-snippet":"max-snippet:-1","max-image-preview":"max-image-preview:large","max-video-preview":"max-video-preview:-1"},"canonical":"https:\/\/www.bilboseitai.com\/yuki\/","og_locale":"eu_ES","og_type":"article","og_title":"Yuki - Bilboseitai","og_url":"https:\/\/www.bilboseitai.com\/yuki\/","og_site_name":"Bilboseitai","article_modified_time":"2026-03-27T10:34:41+00:00","twitter_card":"summary_large_image","twitter_misc":{"Est. reading time":"2 minutes"},"schema":{"@context":"https:\/\/schema.org","@graph":[{"@type":"WebPage","@id":"https:\/\/www.bilboseitai.com\/yuki\/","url":"https:\/\/www.bilboseitai.com\/yuki\/","name":"Yuki - Bilboseitai","isPartOf":{"@id":"https:\/\/www.bilboseitai.com\/#website"},"datePublished":"2026-03-03T12:37:25+00:00","dateModified":"2026-03-27T10:34:41+00:00","breadcrumb":{"@id":"https:\/\/www.bilboseitai.com\/yuki\/#breadcrumb"},"inLanguage":"eu-ES","potentialAction":[{"@type":"ReadAction","target":["https:\/\/www.bilboseitai.com\/yuki\/"]}]},{"@type":"BreadcrumbList","@id":"https:\/\/www.bilboseitai.com\/yuki\/#breadcrumb","itemListElement":[{"@type":"ListItem","position":1,"name":"Portada","item":"https:\/\/www.bilboseitai.com\/eu\/"},{"@type":"ListItem","position":2,"name":"Yuki"}]},{"@type":"WebSite","@id":"https:\/\/www.bilboseitai.com\/#website","url":"https:\/\/www.bilboseitai.com\/","name":"Bilboseitai","description":"C\u00f3mo movernos de manera natural, respetando nuestro cuerpo y nuestro vaiv\u00e9n, sin esfuerzo y mediante un sincero di\u00e1logo interior.","potentialAction":[{"@type":"SearchAction","target":{"@type":"EntryPoint","urlTemplate":"https:\/\/www.bilboseitai.com\/?s={search_term_string}"},"query-input":{"@type":"PropertyValueSpecification","valueRequired":true,"valueName":"search_term_string"}}],"inLanguage":"eu-ES"}]}},"_links":{"self":[{"href":"https:\/\/www.bilboseitai.com\/eu\/wp-json\/wp\/v2\/pages\/967","targetHints":{"allow":["GET"]}}],"collection":[{"href":"https:\/\/www.bilboseitai.com\/eu\/wp-json\/wp\/v2\/pages"}],"about":[{"href":"https:\/\/www.bilboseitai.com\/eu\/wp-json\/wp\/v2\/types\/page"}],"author":[{"embeddable":true,"href":"https:\/\/www.bilboseitai.com\/eu\/wp-json\/wp\/v2\/users\/2"}],"replies":[{"embeddable":true,"href":"https:\/\/www.bilboseitai.com\/eu\/wp-json\/wp\/v2\/comments?post=967"}],"version-history":[{"count":2,"href":"https:\/\/www.bilboseitai.com\/eu\/wp-json\/wp\/v2\/pages\/967\/revisions"}],"predecessor-version":[{"id":976,"href":"https:\/\/www.bilboseitai.com\/eu\/wp-json\/wp\/v2\/pages\/967\/revisions\/976"}],"wp:attachment":[{"href":"https:\/\/www.bilboseitai.com\/eu\/wp-json\/wp\/v2\/media?parent=967"}],"curies":[{"name":"wp","href":"https:\/\/api.w.org\/{rel}","templated":true}]}}