{"id":951,"date":"2026-03-03T13:01:13","date_gmt":"2026-03-03T12:01:13","guid":{"rendered":"https:\/\/www.bilboseitai.com\/katsugen-undo\/"},"modified":"2026-03-27T11:29:54","modified_gmt":"2026-03-27T10:29:54","slug":"katsugen-undo","status":"publish","type":"page","link":"https:\/\/www.bilboseitai.com\/eu\/katsugen-undo\/","title":{"rendered":"Katsugen undo"},"content":{"rendered":"<section class=\"l-section wpb_row height_large width_full with_img parallax_ver parallaxdir_reversed\"><div class=\"l-section-img\" role=\"img\" aria-label=\"Image\" data-img-width=\"1500\" data-img-height=\"1130\" style=\"background-image: url(https:\/\/www.bilboseitai.com\/wp-content\/uploads\/2026\/02\/156373.jpg);background-repeat: no-repeat;\"><\/div><div class=\"l-section-overlay\" style=\"background:rgba(0,0,0,0.3)\"><\/div><div class=\"l-section-h i-cf\"><div class=\"g-cols vc_row via_grid cols_1 laptops-cols_inherit tablets-cols_inherit mobiles-cols_1 valign_top type_default stacking_default\"><div class=\"wpb_column vc_column_container\"><div class=\"vc_column-inner\"><div class=\"wpb_text_column us_custom_3cfbc15d has_text_color\"><div class=\"wpb_wrapper\"><h1 id=\"h.tp6sv73ya7t4\" class=\"zfr3Q duRjpb CDt4Ke \" dir=\"ltr\" style=\"text-align: center;\"><span class=\"FdCeP C9DxTc \">\u6d3b\u5143\u904b\u52d5\u00a0<\/span><span class=\"FdCeP C9DxTc \">Katsugen undo<\/span><\/h1>\n<\/div><\/div><\/div><\/div><\/div><\/div><\/section><section class=\"l-section wpb_row height_medium\"><div class=\"l-section-h i-cf\"><div class=\"g-cols vc_row via_grid cols_2 laptops-cols_inherit tablets-cols_1 mobiles-cols_1 valign_middle type_default stacking_default\"><div class=\"wpb_column vc_column_container us_custom_6c21c073 us_animate_this\"><div class=\"vc_column-inner\"><div class=\"w-separator size_medium\"><\/div><div class=\"w-image us_custom_31b980e8 style_shadow-1 align_left meta_simple\"><div class=\"w-image-h\"><img decoding=\"async\" width=\"2000\" height=\"1500\" src=\"https:\/\/www.bilboseitai.com\/wp-content\/uploads\/2026\/03\/Practica-Katsugen.jpg\" class=\"attachment-full size-full\" alt=\"\" loading=\"lazy\" srcset=\"https:\/\/www.bilboseitai.com\/wp-content\/uploads\/2026\/03\/Practica-Katsugen.jpg 2000w, https:\/\/www.bilboseitai.com\/wp-content\/uploads\/2026\/03\/Practica-Katsugen-300x225.jpg 300w, https:\/\/www.bilboseitai.com\/wp-content\/uploads\/2026\/03\/Practica-Katsugen-1024x768.jpg 1024w\" sizes=\"auto, (max-width: 2000px) 100vw, 2000px\" \/><\/div><div class=\"w-image-meta\"><div class=\"w-image-title\">Pr\u00e1ctica de Katsugen<\/div><\/div><\/div><div class=\"w-separator size_small\"><\/div><\/div><\/div><div class=\"wpb_column vc_column_container us_custom_ff13c409 us_animate_this\"><div class=\"vc_column-inner\"><h2 class=\"w-text us_custom_e1ac95b1 has_text_color\"><span class=\"w-text-h\"><span class=\"w-text-value\">Katsugen undo<\/span><\/span><\/h2><div class=\"wpb_text_column\"><div class=\"wpb_wrapper\"><p><span class=\"C9DxTc \">Katsugen Undo &#8220;bizitzaren jatorrizko mugimendua, erregulazio mugimendua, CVPren (Burmuina, Bizkarrezurra, Pelbisa) koordinazioa&#8221; esan nahi du. Katsugen egitea da espontaneoki mugimenduari uztea, nola CVP (Burmuina, Bizkarrezurra, Pelbisa) koordinatu nahi duen sentitzen. Horrela, kontziente eta ez-kontziente, borondatezko eta borondategabeko, &#8220;ni jantzita&#8221; eta &#8220;ni spontaneo&#8221; artean elkarrizketa espontaneo bat ezartzen da&#8230; ezer zuzentzeko edo bereziki ezer egiteko asmorik gabe, bakarrik gure manifestazio spontaneoa lagunduz. Gure natura iraultzailea den giza izaera aukera zoragarri bat eskaintzen digu: gure kontzientziak spontaneo mugimendua laguntzea. Katsugen-en, gure kontzientziak gure CVP-ren spontaneo mugimenduari arreta sinplea eskaintzen dio. Mugimendu spontaneoak bakarrik amaitzen du bizitzak amaitzen duenean. Jaio ginenez geroztik, CVP-ko koordinazioa berreskuratzen uzten digu, honen blokeoa gaindituz. Gaitasun hau ahultzen doa TPE (Tentsio Partzial Exkax) handituz joan ahala, eta horrekin batera, kontziente jantzita eta kontziente spontaneoaren arteko desegonkortzea. Baina denok dakigu, askotan, gure bizitasuna eta osasuna berreskuratu ditugula gure organismoaren mugimendu spontaneoari esker: estornudoak, askar aldentzen dituen janari kaltetua, gure kontzientziaz gabe egiten ditugun mugimenduak (eta horiek egiterakoan zonalde nekatuei bizitasuna itzultzen diegu), erantzun instintiboak (arriskutik salbatzen gaitu), ideien elkartze jakin batzuk (bizitzeko gogoa berriro sentitzen laguntzen digutenak)&#8230; <\/span><\/p>\n<\/div><\/div><\/div><\/div><\/div><\/div><\/section><section class=\"l-section wpb_row height_medium with_img parallax_ver parallaxdir_reversed\"><div class=\"l-section-img\" role=\"img\" aria-label=\"Image\" data-img-width=\"2560\" data-img-height=\"1440\" style=\"background-image: url(https:\/\/www.bilboseitai.com\/wp-content\/uploads\/2026\/03\/316235131_f1704871-46eb-41d0-9c87-11e63076e932-scaled.jpg);background-repeat: no-repeat;\"><\/div><div class=\"l-section-overlay\" style=\"background:rgba(255,255,255,0.95)\"><\/div><div class=\"l-section-h i-cf\"><div class=\"g-cols vc_row via_grid cols_2 laptops-cols_inherit tablets-cols_1 mobiles-cols_1 valign_middle type_default stacking_default\"><div class=\"wpb_column vc_column_container us_custom_6c21c073 us_animate_this\"><div class=\"vc_column-inner\"><div class=\"w-image us_custom_31b980e8 style_shadow-1 align_left\"><div class=\"w-image-h\"><img decoding=\"async\" width=\"1154\" height=\"530\" src=\"https:\/\/www.bilboseitai.com\/wp-content\/uploads\/2026\/03\/Captura-de-pantalla-2026-03-03-131923.png\" class=\"attachment-full size-full\" alt=\"\" loading=\"lazy\" srcset=\"https:\/\/www.bilboseitai.com\/wp-content\/uploads\/2026\/03\/Captura-de-pantalla-2026-03-03-131923.png 1154w, https:\/\/www.bilboseitai.com\/wp-content\/uploads\/2026\/03\/Captura-de-pantalla-2026-03-03-131923-300x138.png 300w, https:\/\/www.bilboseitai.com\/wp-content\/uploads\/2026\/03\/Captura-de-pantalla-2026-03-03-131923-1024x470.png 1024w\" sizes=\"auto, (max-width: 1154px) 100vw, 1154px\" \/><\/div><\/div><div class=\"w-separator size_medium\"><\/div><div class=\"wpb_text_column\"><div class=\"wpb_wrapper\"><p><span class=\"C9DxTc \">Noguchi-k konturatu zen CVP-ren mugimendu spontaneoaren gaitasun berreskuraezinaz eta bere praktika proposatu zuen katsugen undo izenarekin. Praktika sustatzeko hainbat forma daude, baina behin sartuta, ardatzaren (bizkarrezurra) inpultso naturaletik mugitu uzten dugu. Mugimenduaren inerzia propioak aukera ematen digu organismoaren koordinazio globalaren zailtasunak sentitzeko eta mugimendu handiagoarekin mugitzea oztopatzen duten guneak identifikatzeko. Instintiboki, gorputzak energia bizia geratzen den lekuetan mugimendu berreskuratzeko modua aurkitzen du. Mugimenduan entzuteko eta harritzeko jarrera honek adierazpen propio eta desberdin bat pizten du pertsona bakoitzaren eta bere momentuaren arabera. Kreatibitate spontaneo bat, gure barruko munduaren aberastasunaren fruitua, bakoitzaren barruan dagoena. Katsugen praktikatzeak gure benetako egoera eta hori egokitzeko beharra sentitzen laguntzen digu, subtilki geure burua berreskuratuz. CVP-ren parte desberdinak koordinatzen doazen honetan, gehiegizko tentsioan zeuden zonalde batzuk nola erlaxatzen diren eta beste batzuk, ahulduak, nola aktibatzen diren sentitzen dugu. Gure taihekirekin erlazionatutako zonalde fisiko edo organikoetan eta gehiegizko egoera psikikoan TPE-ak metatzeko joera berezia nabaritzen dugu. Eta kontziente spontaneo eta jantzita artean elkarrekintza naturala berreskuratzen dugu, gure kontzientean eta gure organismoaren ez-kontziente funtzio desberdinen artean elkarrizketa berriz ezarriz. <\/span><\/p>\n<\/div><\/div><\/div><\/div><div class=\"wpb_column vc_column_container us_custom_ba870b58 us_animate_this\"><div class=\"vc_column-inner\"><div class=\"wpb_text_column\"><div class=\"wpb_wrapper\"><p><span class=\"C9DxTc \">Organismoak bere autoregulazioa egiteko prest dago eta espazio bat ematen badiogu bere adierazpenak egiteko, egoera arruntetan normalean sentitzen ditugun nerbioak, antsietatea, buru-mina, desganak edo janariaren compulsioak, iraupen jasangaitzak eta abarrek, sendatzeko baliabide propioak dituela ikusten dugu. Bizi dugun bizitzako egoera desberdinetara egokitzeko ahultzen dugun malgutasuna berreskuratzen dugu, eta horrek aukera ematen digu:<\/span><\/p>\n<ul>\n<li><span class=\"C9DxTc \">Gure natura propioarekin bat etorriz bizitzeko<\/span>.<\/li>\n<li><span class=\"C9DxTc \">Errealitatea eta besteekin dugun harremana zabalago eta argiago ikusteko<\/span>.<\/li>\n<li><span class=\"C9DxTc \">Eta bakoitzaren eta gure propioaren spontaneo adierazpenaren ulermena eta errespetua izateko.<\/span><\/li>\n<\/ul>\n<p><strong>Estudi Seitai:<\/strong> <a href=\"http:\/\/www.estudiseitai.cat\">http:\/\/www.estudiseitai.cat<\/a><br \/>\n<strong>Fundaci\u00f3n Seitai:<\/strong> <a href=\"https:\/\/www.seitaibarcelona.com\">https:\/\/www.seitaibarcelona.com<\/a><\/p>\n<p>&#8220;&#8230; Katsugen undo y con tal finalidad se practica. De ah\u00ed que el punto importante no sea si \u00e9ste surge bien o no, ni tampoco consiste en que se resuelvan las anomal\u00edas corporales. Se trata de ir conociendo, de manera directa y concreta, la actuaci\u00f3n de nuestra fuerza interna: esto es lo que da sentido a la pr\u00e1ctica del katsugen undo.&#8221; \u2026<\/p>\n<p><span class=\"C9DxTc \">&#8220;&#8230; Katsugen undo eta horretarako praktikatzen da. Horrexegatik, garrantzitsua ez da ea ondo sortzen den edo ez, ezta gorputzeko anomalien ebazpenean ere. Garrantzitsua da gure indar barruko funtzionamendua zuzenean eta konkretuki ezagutzea: hau da katsugen undo praktikaren zentzua.&#8221;<\/span><span class=\"C9DxTc \"><br \/>\n<\/span><span class=\"C9DxTc \">&#8220;&#8230; Seitaiaren ezagutza nahikoa ez den leku batzuetan, askotan iritzi okerrak topatzen ditugu, adibidez, katsugen undoak gaixotasunak sendatzen edo osasuna babesten duela esaten denean. Hemen irakasten duguna, Seitai Elkarte honetan, gorputzaren izaera da, gizonak osasunean bizitzeko edo gaixotasunak sendatzeko ezer behar izan gabe bizitzeko, gorputzean dagoen indarra zabaltzen denean, horregatik, osasun egoera naturalean lortzen da. Hala ere, gure eraginetik urrun dauden leku batzuetan, katsugen undo praktikatzen da sendatze edo osasunaren helburuarekin, eta esaten dute: praktikatzen baduzu, azkarrago sendatuko zara edo, gaixorik badaude, laster igaroko dute. Niretzat barre egitera eramaten nau: hau guztia nire helburutik urrun dago.&#8221;<\/span><\/p>\n<p style=\"text-align: right;\"><em>Zensei n\u00fam. 18, p. 35. Haruchika Noguchi<\/em><\/p>\n<\/div><\/div><\/div><\/div><\/div><\/div><\/section>\n","protected":false},"excerpt":{"rendered":"\u6d3b\u5143\u904b\u52d5\u00a0Katsugen undo Pr\u00e1ctica de KatsugenKatsugen undoKatsugen Undo &#8220;bizitzaren jatorrizko mugimendua, erregulazio mugimendua, CVPren (Burmuina, Bizkarrezurra, Pelbisa) koordinazioa&#8221; esan nahi du. Katsugen egitea da espontaneoki mugimenduari uztea, nola CVP (Burmuina, Bizkarrezurra, Pelbisa) koordinatu nahi duen sentitzen. Horrela, kontziente eta ez-kontziente, borondatezko eta borondategabeko, &#8220;ni jantzita&#8221; eta &#8220;ni spontaneo&#8221; artean elkarrizketa espontaneo bat ezartzen da&#8230; ezer zuzentzeko...","protected":false},"author":2,"featured_media":0,"parent":0,"menu_order":0,"comment_status":"closed","ping_status":"closed","template":"","meta":{"_joinchat":[],"footnotes":""},"class_list":["post-951","page","type-page","status-publish","hentry"],"yoast_head":"<!-- This site is optimized with the Yoast SEO plugin v27.5 - https:\/\/yoast.com\/product\/yoast-seo-wordpress\/ -->\n<title>Katsugen undo - Bilboseitai<\/title>\n<meta name=\"robots\" content=\"index, follow, max-snippet:-1, max-image-preview:large, max-video-preview:-1\" \/>\n<link rel=\"canonical\" href=\"https:\/\/www.bilboseitai.com\/katsugen-undo\/\" \/>\n<meta property=\"og:locale\" content=\"eu_ES\" \/>\n<meta property=\"og:type\" content=\"article\" \/>\n<meta property=\"og:title\" content=\"Katsugen undo - Bilboseitai\" \/>\n<meta property=\"og:url\" content=\"https:\/\/www.bilboseitai.com\/katsugen-undo\/\" \/>\n<meta property=\"og:site_name\" content=\"Bilboseitai\" \/>\n<meta property=\"article:modified_time\" content=\"2026-03-27T10:29:54+00:00\" \/>\n<meta name=\"twitter:card\" content=\"summary_large_image\" \/>\n<meta name=\"twitter:label1\" content=\"Est. reading time\" \/>\n\t<meta name=\"twitter:data1\" content=\"4 minutes\" \/>\n<script type=\"application\/ld+json\" class=\"yoast-schema-graph\">{\"@context\":\"https:\\\/\\\/schema.org\",\"@graph\":[{\"@type\":\"WebPage\",\"@id\":\"https:\\\/\\\/www.bilboseitai.com\\\/katsugen-undo\\\/\",\"url\":\"https:\\\/\\\/www.bilboseitai.com\\\/katsugen-undo\\\/\",\"name\":\"Katsugen undo - Bilboseitai\",\"isPartOf\":{\"@id\":\"https:\\\/\\\/www.bilboseitai.com\\\/#website\"},\"datePublished\":\"2026-03-03T12:01:13+00:00\",\"dateModified\":\"2026-03-27T10:29:54+00:00\",\"breadcrumb\":{\"@id\":\"https:\\\/\\\/www.bilboseitai.com\\\/katsugen-undo\\\/#breadcrumb\"},\"inLanguage\":\"eu-ES\",\"potentialAction\":[{\"@type\":\"ReadAction\",\"target\":[\"https:\\\/\\\/www.bilboseitai.com\\\/katsugen-undo\\\/\"]}]},{\"@type\":\"BreadcrumbList\",\"@id\":\"https:\\\/\\\/www.bilboseitai.com\\\/katsugen-undo\\\/#breadcrumb\",\"itemListElement\":[{\"@type\":\"ListItem\",\"position\":1,\"name\":\"Portada\",\"item\":\"https:\\\/\\\/www.bilboseitai.com\\\/eu\\\/\"},{\"@type\":\"ListItem\",\"position\":2,\"name\":\"Katsugen undo\"}]},{\"@type\":\"WebSite\",\"@id\":\"https:\\\/\\\/www.bilboseitai.com\\\/#website\",\"url\":\"https:\\\/\\\/www.bilboseitai.com\\\/\",\"name\":\"Bilboseitai\",\"description\":\"C\u00f3mo movernos de manera natural, respetando nuestro cuerpo y nuestro vaiv\u00e9n, sin esfuerzo y mediante un sincero di\u00e1logo interior.\",\"potentialAction\":[{\"@type\":\"SearchAction\",\"target\":{\"@type\":\"EntryPoint\",\"urlTemplate\":\"https:\\\/\\\/www.bilboseitai.com\\\/?s={search_term_string}\"},\"query-input\":{\"@type\":\"PropertyValueSpecification\",\"valueRequired\":true,\"valueName\":\"search_term_string\"}}],\"inLanguage\":\"eu-ES\"}]}<\/script>\n<!-- \/ Yoast SEO plugin. -->","yoast_head_json":{"title":"Katsugen undo - Bilboseitai","robots":{"index":"index","follow":"follow","max-snippet":"max-snippet:-1","max-image-preview":"max-image-preview:large","max-video-preview":"max-video-preview:-1"},"canonical":"https:\/\/www.bilboseitai.com\/katsugen-undo\/","og_locale":"eu_ES","og_type":"article","og_title":"Katsugen undo - Bilboseitai","og_url":"https:\/\/www.bilboseitai.com\/katsugen-undo\/","og_site_name":"Bilboseitai","article_modified_time":"2026-03-27T10:29:54+00:00","twitter_card":"summary_large_image","twitter_misc":{"Est. reading time":"4 minutes"},"schema":{"@context":"https:\/\/schema.org","@graph":[{"@type":"WebPage","@id":"https:\/\/www.bilboseitai.com\/katsugen-undo\/","url":"https:\/\/www.bilboseitai.com\/katsugen-undo\/","name":"Katsugen undo - Bilboseitai","isPartOf":{"@id":"https:\/\/www.bilboseitai.com\/#website"},"datePublished":"2026-03-03T12:01:13+00:00","dateModified":"2026-03-27T10:29:54+00:00","breadcrumb":{"@id":"https:\/\/www.bilboseitai.com\/katsugen-undo\/#breadcrumb"},"inLanguage":"eu-ES","potentialAction":[{"@type":"ReadAction","target":["https:\/\/www.bilboseitai.com\/katsugen-undo\/"]}]},{"@type":"BreadcrumbList","@id":"https:\/\/www.bilboseitai.com\/katsugen-undo\/#breadcrumb","itemListElement":[{"@type":"ListItem","position":1,"name":"Portada","item":"https:\/\/www.bilboseitai.com\/eu\/"},{"@type":"ListItem","position":2,"name":"Katsugen undo"}]},{"@type":"WebSite","@id":"https:\/\/www.bilboseitai.com\/#website","url":"https:\/\/www.bilboseitai.com\/","name":"Bilboseitai","description":"C\u00f3mo movernos de manera natural, respetando nuestro cuerpo y nuestro vaiv\u00e9n, sin esfuerzo y mediante un sincero di\u00e1logo interior.","potentialAction":[{"@type":"SearchAction","target":{"@type":"EntryPoint","urlTemplate":"https:\/\/www.bilboseitai.com\/?s={search_term_string}"},"query-input":{"@type":"PropertyValueSpecification","valueRequired":true,"valueName":"search_term_string"}}],"inLanguage":"eu-ES"}]}},"_links":{"self":[{"href":"https:\/\/www.bilboseitai.com\/eu\/wp-json\/wp\/v2\/pages\/951","targetHints":{"allow":["GET"]}}],"collection":[{"href":"https:\/\/www.bilboseitai.com\/eu\/wp-json\/wp\/v2\/pages"}],"about":[{"href":"https:\/\/www.bilboseitai.com\/eu\/wp-json\/wp\/v2\/types\/page"}],"author":[{"embeddable":true,"href":"https:\/\/www.bilboseitai.com\/eu\/wp-json\/wp\/v2\/users\/2"}],"replies":[{"embeddable":true,"href":"https:\/\/www.bilboseitai.com\/eu\/wp-json\/wp\/v2\/comments?post=951"}],"version-history":[{"count":2,"href":"https:\/\/www.bilboseitai.com\/eu\/wp-json\/wp\/v2\/pages\/951\/revisions"}],"predecessor-version":[{"id":962,"href":"https:\/\/www.bilboseitai.com\/eu\/wp-json\/wp\/v2\/pages\/951\/revisions\/962"}],"wp:attachment":[{"href":"https:\/\/www.bilboseitai.com\/eu\/wp-json\/wp\/v2\/media?parent=951"}],"curies":[{"name":"wp","href":"https:\/\/api.w.org\/{rel}","templated":true}]}}