{"id":920,"date":"2026-03-03T11:29:40","date_gmt":"2026-03-03T10:29:40","guid":{"rendered":"https:\/\/www.bilboseitai.com\/haruchika-noguchi\/"},"modified":"2026-03-27T10:55:22","modified_gmt":"2026-03-27T09:55:22","slug":"haruchika-noguchi","status":"publish","type":"page","link":"https:\/\/www.bilboseitai.com\/eu\/haruchika-noguchi\/","title":{"rendered":"Haruchika Noguchi"},"content":{"rendered":"<section class=\"l-section wpb_row height_large width_full with_img parallax_ver parallaxdir_reversed\"><div class=\"l-section-img\" role=\"img\" aria-label=\"Image\" data-img-width=\"1500\" data-img-height=\"893\" style=\"background-image: url(https:\/\/www.bilboseitai.com\/wp-content\/uploads\/2026\/02\/11239.jpg);background-repeat: no-repeat;\"><\/div><div class=\"l-section-overlay\" style=\"background:rgba(0,0,0,0.3)\"><\/div><div class=\"l-section-h i-cf\"><div class=\"g-cols vc_row via_grid cols_1 laptops-cols_inherit tablets-cols_inherit mobiles-cols_1 valign_top type_default stacking_default\"><div class=\"wpb_column vc_column_container\"><div class=\"vc_column-inner\"><div class=\"wpb_text_column us_custom_3cfbc15d has_text_color\"><div class=\"wpb_wrapper\"><h1 id=\"h.tsetsveg98od\" class=\"zfr3Q duRjpb CDt4Ke \" dir=\"ltr\" style=\"text-align: center;\"><span class=\"FdCeP C9DxTc \">\u91ce\u53e3\u6674\u54c9<\/span><span class=\"FdCeP C9DxTc \">\u00a0<\/span><span class=\"FdCeP C9DxTc \">Haruchika Noguchi<\/span><\/h1>\n<\/div><\/div><\/div><\/div><\/div><\/div><\/section><section class=\"l-section wpb_row height_medium\"><div class=\"l-section-overlay\" style=\"background:var(--color-content-bg-alt)\"><\/div><div class=\"l-section-h i-cf\"><div class=\"g-cols vc_row via_grid cols_2 laptops-cols_inherit tablets-cols_1 mobiles-cols_1 valign_middle type_default stacking_default\"><div class=\"wpb_column vc_column_container us_custom_6c21c073 us_animate_this\"><div class=\"vc_column-inner\"><div class=\"w-separator size_medium\"><\/div><div class=\"w-image us_custom_31b980e8 style_shadow-1 align_center\"><div class=\"w-image-h\"><img decoding=\"async\" width=\"600\" height=\"444\" src=\"https:\/\/www.bilboseitai.com\/wp-content\/uploads\/2026\/03\/avantapres-2-600x444-1.jpg\" class=\"attachment-full size-full\" alt=\"\" loading=\"lazy\" srcset=\"https:\/\/www.bilboseitai.com\/wp-content\/uploads\/2026\/03\/avantapres-2-600x444-1.jpg 600w, https:\/\/www.bilboseitai.com\/wp-content\/uploads\/2026\/03\/avantapres-2-600x444-1-300x222.jpg 300w\" sizes=\"auto, (max-width: 600px) 100vw, 600px\" \/><\/div><\/div><div class=\"w-separator size_small\"><\/div><\/div><\/div><div class=\"wpb_column vc_column_container us_custom_ff13c409 us_animate_this\"><div class=\"vc_column-inner\"><div class=\"wpb_text_column\"><div class=\"wpb_wrapper\"><blockquote>\n<p class=\"zfr3Q CDt4Ke \" dir=\"ltr\"><span class=\"C9DxTc \">Lehenengo mugitu behar da. Formarik ez duen arren, haizeak forma duen guztia mugitzen du; eta forma duen guztiaren mugimendutik, konturatzen gara.\u00a0 <\/span><\/p>\n<\/blockquote>\n<p class=\"zfr3Q CDt4Ke \" dir=\"ltr\"><span class=\"C9DxTc \">Sentitzen dugunean, guztia hasiko da dardarka, enpatiaz. Bere ahotsa altxatzen dute zeru eta lurreko zulo txikienetara. Bambuak, ura, ateen erraboak, beren ahotsekin laguntzen dute. Hautsaren itzulika hasten da, zuhaitzak mugitzen dira, etxeak dardarka hasten dira eta baita argi-kableek ere bibrazioak egiten dituzte. Zerua eta lurra haizeak inguratuta daude.\u00a0 <\/span><span class=\"C9DxTc \">Lehenengo mugitu behar da, eta hurbilekoa mugitu. Erantzunik ez badago, utzi eta urrunago saiatu. Erreakziorik ez badago, joan urrunago. Mugimendu sakonak ez badu desagertzen, infinitura zabalduko da, Hau da haizea. Haizearen indarra guztien barruan dago. Mugimenduari aurre egiten diozunean, ez galdu itxaropena, Mugimendua zure barruan latente badago, agertuko da: komunikatu dena berriz ere beste batzuetan mugimenduak sustatzen ditu. <\/span><span class=\"C9DxTc \">Herri bakoitzak bere burutik abiatuta mugitzen has dadila: hau da lehen urratsa.<\/span><\/p>\n<p class=\"zfr3Q CDt4Ke \" dir=\"ltr\" style=\"text-align: right;\"><em><span class=\"C9DxTc \">Revista Zensei, 1977. Haruchika Noguchi<\/span><\/em><\/p>\n<\/div><\/div><\/div><\/div><\/div><\/div><\/section><section class=\"l-section wpb_row height_medium with_img parallax_ver parallaxdir_reversed\"><div class=\"l-section-img\" role=\"img\" aria-label=\"Image\" data-img-width=\"1500\" data-img-height=\"844\" style=\"background-image: url(https:\/\/www.bilboseitai.com\/wp-content\/uploads\/2026\/03\/2148785890.jpg);background-repeat: no-repeat;\"><\/div><div class=\"l-section-overlay\" style=\"background:rgba(255,255,255,0.9)\"><\/div><div class=\"l-section-h i-cf\"><div class=\"g-cols vc_row via_grid cols_2 laptops-cols_inherit tablets-cols_1 mobiles-cols_1 valign_middle type_default stacking_default\"><div class=\"wpb_column vc_column_container us_custom_6c21c073 us_animate_this\"><div class=\"vc_column-inner\"><div class=\"w-separator size_medium\"><\/div><div class=\"w-image us_custom_31b980e8 style_shadow-1 align_none\"><div class=\"w-image-h\"><img decoding=\"async\" width=\"768\" height=\"492\" src=\"https:\/\/www.bilboseitai.com\/wp-content\/uploads\/2026\/03\/Scan1_2_1-768x513-1-e1772534483319.jpg\" class=\"attachment-full size-full\" alt=\"\" loading=\"lazy\" srcset=\"https:\/\/www.bilboseitai.com\/wp-content\/uploads\/2026\/03\/Scan1_2_1-768x513-1-e1772534483319.jpg 768w, https:\/\/www.bilboseitai.com\/wp-content\/uploads\/2026\/03\/Scan1_2_1-768x513-1-e1772534483319-300x192.jpg 300w\" sizes=\"auto, (max-width: 768px) 100vw, 768px\" \/><\/div><\/div><div class=\"w-separator size_small\"><\/div><div class=\"w-image us_custom_31b980e8 style_shadow-1 align_none\"><div class=\"w-image-h\"><img decoding=\"async\" width=\"809\" height=\"520\" src=\"https:\/\/www.bilboseitai.com\/wp-content\/uploads\/2026\/03\/514025579_23864768873178355_7734013861152481801_n-e1772534519467.jpg\" class=\"attachment-full size-full\" alt=\"\" loading=\"lazy\" srcset=\"https:\/\/www.bilboseitai.com\/wp-content\/uploads\/2026\/03\/514025579_23864768873178355_7734013861152481801_n-e1772534519467.jpg 809w, https:\/\/www.bilboseitai.com\/wp-content\/uploads\/2026\/03\/514025579_23864768873178355_7734013861152481801_n-e1772534519467-300x193.jpg 300w\" sizes=\"auto, (max-width: 809px) 100vw, 809px\" \/><\/div><\/div><div class=\"w-separator size_small\"><\/div><div class=\"w-image us_custom_ee3b2b1a style_shadow-1 align_right meta_simple\"><div class=\"w-image-h\"><img decoding=\"async\" width=\"520\" height=\"350\" src=\"https:\/\/www.bilboseitai.com\/wp-content\/uploads\/2026\/03\/noguchi_pres-e1772534502365.jpg\" class=\"attachment-full size-full\" alt=\"\" loading=\"lazy\" srcset=\"https:\/\/www.bilboseitai.com\/wp-content\/uploads\/2026\/03\/noguchi_pres-e1772534502365.jpg 520w, https:\/\/www.bilboseitai.com\/wp-content\/uploads\/2026\/03\/noguchi_pres-e1772534502365-300x202.jpg 300w\" sizes=\"auto, (max-width: 520px) 100vw, 520px\" \/><\/div><div class=\"w-image-meta\"><div class=\"w-image-title\">Haruchika Noguchi<\/div><div class=\"w-image-description\">Fundador de la cultura Seitai.<\/div><\/div><\/div><div class=\"w-separator size_small\"><\/div><\/div><\/div><div class=\"wpb_column vc_column_container us_custom_ff13c409 us_animate_this\"><div class=\"vc_column-inner\"><h2 class=\"w-text us_custom_a574d586 has_text_color\"><span class=\"w-text-h\"><span class=\"w-text-value\">Haruchika Noguchi<\/span><\/span><\/h2><div class=\"wpb_text_column\"><div class=\"wpb_wrapper\"><p class=\"zfr3Q CDt4Ke \" dir=\"ltr\"><span class=\"C9DxTc \">1911ko irailan jaio zen Ueno, Tokion, eta 9 anai-arreba zituen familia batean, bigarren seme gisa. Haurtzaroan sufritutako difteriaren ondorioz, hitz egiteko zailtasunak izan zituen. Haurtzaroan, medikuntza tradizional txinatarrean espezializatutako osaba mediku baten zainzapean bizi izan zen, eta irakurtzen denbora asko eman zuen. 1923an, hamabi urterekin, Kant\u014dko Lurrikara Handia bizi izan zuen. Hondamendian pertsonak sufritzen ikusi zituenean, berehala sentitu zuen laguntzeko beharra, eta horrek asko lagundu zuen berreskuratzen. Gertaera honek sendatzeko bidean jartzera bultzatu zuen.<\/span><\/p>\n<p class=\"zfr3Q CDt4Ke \" dir=\"ltr\"><span class=\"C9DxTc \">Osasun metodoak eta terapia orientaletako eta mendebaldekoak modu independentean ikertu zituen. Hamabost urterekin Iriyan dojo bat ireki zuen eta Shizen Kenk\u014d Hojikai (Osasun Naturala Babesteko Elkartea) taldea fundatu zuen, Yuki eta Katsugen zentratu zituena. Hamazazpi urterekin Zenseikun (Bizitza Oparoaren Printzipioak) argitaratu zituen, non naturaarekin harmonian bizitzearen aldeko mezuak zituen, eta ordutik aurrera &#8220;bizitza osasuntsu eta indartsuarekin&#8221; bizi izateko idealari jarraitu zion.<\/span><\/p>\n<p class=\"zfr3Q CDt4Ke \" dir=\"ltr\"><span class=\"C9DxTc \">Japoniako Terapeuten Elkarteko aholkularia izan zen eta Japoniako Terapeuten Elkarte Handia fundatzeko lagundu zuen. Gainera, hainbat teknika sistematizatu zituen, Seitai S\u014dh\u014d izenarekin (Gorputzaren Alineazio Integralaren Metodoa), eta 1945ean, teknika horietan irakasleak trebatzeko erakunde bat sortu zuen, Seitai S\u014dh\u014d Elkartea. 1940ko hamarkadaren amaieran, Taiheki-ren oinarriak amaitu zituen, pertsonaien ikerketarako metodo bat gorputzaren bidez.<\/span><\/p>\n<p class=\"zfr3Q CDt4Ke \" dir=\"ltr\"><span class=\"C9DxTc \">Hurrengo urteetan, bere jarduera ez zen gaixotasunak sendatzera bideratu, baizik eta pertsonen ahalmen naturala ateratzera eta osasunean laguntzera. &#8220;Hezkuntza fisikoa&#8221; izeneko praktika berriz definitu zuen, eta &#8220;tratamendua&#8221; ideia utzi zuen. 1956an, Seitai Hezkuntza Fisikoko Elkartea fundatu zuen, osasunaren ikuspegi honen arabera, eta Hezkuntza Ministerioaren aitortza lortu zuen. Gainera, individuorako gidaez gain, Katsugen ariketak, Yuki metodoa eta Seitai estiloak sustatu zituen Japonian zehar egin zituen tailerretan. Subkontzientea, hezkuntza eta haurren hezkuntza ere ikertu zituen eta hainbat idazlan utzi zituen.<\/span><\/p>\n<p class=\"zfr3Q CDt4Ke \" dir=\"ltr\"><span class=\"C9DxTc \">Musika maite zuen eta Pau Casals bere maisu bakarra zela uste zuen. Bere emazte Akikorekin (1916\u20132004) lau seme-alaba izan zituen. 1976ko ekainan, 64 urte zituela, Tokioko Komae-n bere etxean zendu zen, bere familiaz inguratuta.<\/span><\/p>\n<p><a href=\"https:\/\/seitai.org\/information.html\"><strong>Seitai Kyokai Tokio<\/strong><\/a><\/p>\n<\/div><\/div><\/div><\/div><\/div><\/div><\/section><section class=\"l-section wpb_row height_medium\"><div class=\"l-section-overlay\" style=\"background:var(--color-content-bg-alt)\"><\/div><div class=\"l-section-h i-cf\"><div class=\"g-cols vc_row via_grid cols_2 laptops-cols_inherit tablets-cols_1 mobiles-cols_1 valign_middle type_default stacking_default\"><div class=\"wpb_column vc_column_container us_custom_6c21c073 us_animate_this\"><div class=\"vc_column-inner\"><div class=\"w-separator size_medium\"><\/div><div class=\"w-image us_custom_b8ebe711 style_shadow-1 has_height align_right\"><div class=\"w-image-h\"><img decoding=\"async\" width=\"260\" height=\"294\" src=\"https:\/\/www.bilboseitai.com\/wp-content\/uploads\/2026\/03\/Noguchi.jpg\" class=\"attachment-full size-full\" alt=\"\" loading=\"lazy\" \/><\/div><\/div><div class=\"w-separator size_small\"><\/div><\/div><\/div><div class=\"wpb_column vc_column_container us_custom_ff13c409 us_animate_this\"><div class=\"vc_column-inner\"><h2 class=\"w-text us_custom_e1ac95b1 has_text_color\"><span class=\"w-text-h\"><span class=\"w-text-value\">Japoniako Seitai Elkartea<\/span><\/span><\/h2><div class=\"wpb_text_column\"><div class=\"wpb_wrapper\"><p class=\"zfr3Q CDt4Ke \" dir=\"ltr\"><span class=\"C9DxTc \">Seitai Elkartea 1956 urtean sortu zuen Haruchika Noguchi zenak, eta Japoniako Hezkuntza, Kultura, Kirol, Zientzia eta Teknologia Ministerioak (lehengo Hezkuntza Ministerioa) kirol-korporazio gisa aitortu zuen. <\/span><span class=\"C9DxTc \">Indar fisikoaren garapenaren benetako helburua, ariketa fisikoaren xedea dena, eguneroko bizitzan gure gaitasunak bizitasunez erabat agerrarazteko ahalmena da. Garapen fisikoaren oinarritzat hartzen duguna, hau da, &#8220;gorputza harmonizatzea&#8221;, benetan sakondu nahi badugu, ezinbestekoa da ikuspegi zabal bat hartzea eta gure bizitzari buruz hausnartzea.<\/span><\/p>\n<p class=\"zfr3Q CDt4Ke \" dir=\"ltr\"><span class=\"C9DxTc \">Gure elkarteak bizitzaren espontaneotasunarekin bat datorren bizimodua sustatzen du. Espontaneotasun hori ulertzea eta horretan oinarritzea gorputza eta burua askatasunez eta osotasunez erabiltzea ahalbidetzen du eguneroko bizitzan. Hori da Seitai Elkarteak defendatzen duen heziketa fisikoaren oinarrizko jarrera. Ikuspegi horren bidez soilik da posible gure existentzia erabat bizitzea. <\/span><span class=\"C9DxTc \">Azpimarratu behar da 2013ko apirilaren 1ean, Japoniako Kabinetearen Bulegoak elkartea interes publikoko korporazio gisa aitortu zuela.<\/span><\/p>\n<p><a href=\"https:\/\/seitai.org\/information.html\"><strong>Seitai Kyokai Tokio<\/strong><\/a><\/p>\n<\/div><\/div><\/div><\/div><\/div><\/div><\/section>\n","protected":false},"excerpt":{"rendered":"\u91ce\u53e3\u6674\u54c9\u00a0Haruchika Noguchi Lehenengo mugitu behar da. Formarik ez duen arren, haizeak forma duen guztia mugitzen du; eta forma duen guztiaren mugimendutik, konturatzen gara.\u00a0 Sentitzen dugunean, guztia hasiko da dardarka, enpatiaz. Bere ahotsa altxatzen dute zeru eta lurreko zulo txikienetara. Bambuak, ura, ateen erraboak, beren ahotsekin laguntzen dute. Hautsaren itzulika hasten da, zuhaitzak mugitzen dira, etxeak...","protected":false},"author":2,"featured_media":0,"parent":0,"menu_order":0,"comment_status":"closed","ping_status":"closed","template":"","meta":{"_joinchat":[],"footnotes":""},"class_list":["post-920","page","type-page","status-publish","hentry"],"yoast_head":"<!-- This site is optimized with the Yoast SEO plugin v27.5 - https:\/\/yoast.com\/product\/yoast-seo-wordpress\/ -->\n<title>Haruchika Noguchi - Bilboseitai<\/title>\n<meta name=\"robots\" content=\"index, follow, max-snippet:-1, max-image-preview:large, max-video-preview:-1\" \/>\n<link rel=\"canonical\" href=\"https:\/\/www.bilboseitai.com\/haruchika-noguchi\/\" \/>\n<meta property=\"og:locale\" content=\"eu_ES\" \/>\n<meta property=\"og:type\" content=\"article\" \/>\n<meta property=\"og:title\" content=\"Haruchika Noguchi - Bilboseitai\" \/>\n<meta property=\"og:url\" content=\"https:\/\/www.bilboseitai.com\/haruchika-noguchi\/\" \/>\n<meta property=\"og:site_name\" content=\"Bilboseitai\" \/>\n<meta property=\"article:modified_time\" content=\"2026-03-27T09:55:22+00:00\" \/>\n<meta name=\"twitter:card\" content=\"summary_large_image\" \/>\n<meta name=\"twitter:label1\" content=\"Est. reading time\" \/>\n\t<meta name=\"twitter:data1\" content=\"4 minutes\" \/>\n<script type=\"application\/ld+json\" class=\"yoast-schema-graph\">{\"@context\":\"https:\\\/\\\/schema.org\",\"@graph\":[{\"@type\":\"WebPage\",\"@id\":\"https:\\\/\\\/www.bilboseitai.com\\\/haruchika-noguchi\\\/\",\"url\":\"https:\\\/\\\/www.bilboseitai.com\\\/haruchika-noguchi\\\/\",\"name\":\"Haruchika Noguchi - Bilboseitai\",\"isPartOf\":{\"@id\":\"https:\\\/\\\/www.bilboseitai.com\\\/#website\"},\"datePublished\":\"2026-03-03T10:29:40+00:00\",\"dateModified\":\"2026-03-27T09:55:22+00:00\",\"breadcrumb\":{\"@id\":\"https:\\\/\\\/www.bilboseitai.com\\\/haruchika-noguchi\\\/#breadcrumb\"},\"inLanguage\":\"eu-ES\",\"potentialAction\":[{\"@type\":\"ReadAction\",\"target\":[\"https:\\\/\\\/www.bilboseitai.com\\\/haruchika-noguchi\\\/\"]}]},{\"@type\":\"BreadcrumbList\",\"@id\":\"https:\\\/\\\/www.bilboseitai.com\\\/haruchika-noguchi\\\/#breadcrumb\",\"itemListElement\":[{\"@type\":\"ListItem\",\"position\":1,\"name\":\"Portada\",\"item\":\"https:\\\/\\\/www.bilboseitai.com\\\/eu\\\/\"},{\"@type\":\"ListItem\",\"position\":2,\"name\":\"Haruchika Noguchi\"}]},{\"@type\":\"WebSite\",\"@id\":\"https:\\\/\\\/www.bilboseitai.com\\\/#website\",\"url\":\"https:\\\/\\\/www.bilboseitai.com\\\/\",\"name\":\"Bilboseitai\",\"description\":\"C\u00f3mo movernos de manera natural, respetando nuestro cuerpo y nuestro vaiv\u00e9n, sin esfuerzo y mediante un sincero di\u00e1logo interior.\",\"potentialAction\":[{\"@type\":\"SearchAction\",\"target\":{\"@type\":\"EntryPoint\",\"urlTemplate\":\"https:\\\/\\\/www.bilboseitai.com\\\/?s={search_term_string}\"},\"query-input\":{\"@type\":\"PropertyValueSpecification\",\"valueRequired\":true,\"valueName\":\"search_term_string\"}}],\"inLanguage\":\"eu-ES\"}]}<\/script>\n<!-- \/ Yoast SEO plugin. -->","yoast_head_json":{"title":"Haruchika Noguchi - Bilboseitai","robots":{"index":"index","follow":"follow","max-snippet":"max-snippet:-1","max-image-preview":"max-image-preview:large","max-video-preview":"max-video-preview:-1"},"canonical":"https:\/\/www.bilboseitai.com\/haruchika-noguchi\/","og_locale":"eu_ES","og_type":"article","og_title":"Haruchika Noguchi - Bilboseitai","og_url":"https:\/\/www.bilboseitai.com\/haruchika-noguchi\/","og_site_name":"Bilboseitai","article_modified_time":"2026-03-27T09:55:22+00:00","twitter_card":"summary_large_image","twitter_misc":{"Est. reading time":"4 minutes"},"schema":{"@context":"https:\/\/schema.org","@graph":[{"@type":"WebPage","@id":"https:\/\/www.bilboseitai.com\/haruchika-noguchi\/","url":"https:\/\/www.bilboseitai.com\/haruchika-noguchi\/","name":"Haruchika Noguchi - Bilboseitai","isPartOf":{"@id":"https:\/\/www.bilboseitai.com\/#website"},"datePublished":"2026-03-03T10:29:40+00:00","dateModified":"2026-03-27T09:55:22+00:00","breadcrumb":{"@id":"https:\/\/www.bilboseitai.com\/haruchika-noguchi\/#breadcrumb"},"inLanguage":"eu-ES","potentialAction":[{"@type":"ReadAction","target":["https:\/\/www.bilboseitai.com\/haruchika-noguchi\/"]}]},{"@type":"BreadcrumbList","@id":"https:\/\/www.bilboseitai.com\/haruchika-noguchi\/#breadcrumb","itemListElement":[{"@type":"ListItem","position":1,"name":"Portada","item":"https:\/\/www.bilboseitai.com\/eu\/"},{"@type":"ListItem","position":2,"name":"Haruchika Noguchi"}]},{"@type":"WebSite","@id":"https:\/\/www.bilboseitai.com\/#website","url":"https:\/\/www.bilboseitai.com\/","name":"Bilboseitai","description":"C\u00f3mo movernos de manera natural, respetando nuestro cuerpo y nuestro vaiv\u00e9n, sin esfuerzo y mediante un sincero di\u00e1logo interior.","potentialAction":[{"@type":"SearchAction","target":{"@type":"EntryPoint","urlTemplate":"https:\/\/www.bilboseitai.com\/?s={search_term_string}"},"query-input":{"@type":"PropertyValueSpecification","valueRequired":true,"valueName":"search_term_string"}}],"inLanguage":"eu-ES"}]}},"_links":{"self":[{"href":"https:\/\/www.bilboseitai.com\/eu\/wp-json\/wp\/v2\/pages\/920","targetHints":{"allow":["GET"]}}],"collection":[{"href":"https:\/\/www.bilboseitai.com\/eu\/wp-json\/wp\/v2\/pages"}],"about":[{"href":"https:\/\/www.bilboseitai.com\/eu\/wp-json\/wp\/v2\/types\/page"}],"author":[{"embeddable":true,"href":"https:\/\/www.bilboseitai.com\/eu\/wp-json\/wp\/v2\/users\/2"}],"replies":[{"embeddable":true,"href":"https:\/\/www.bilboseitai.com\/eu\/wp-json\/wp\/v2\/comments?post=920"}],"version-history":[{"count":5,"href":"https:\/\/www.bilboseitai.com\/eu\/wp-json\/wp\/v2\/pages\/920\/revisions"}],"predecessor-version":[{"id":931,"href":"https:\/\/www.bilboseitai.com\/eu\/wp-json\/wp\/v2\/pages\/920\/revisions\/931"}],"wp:attachment":[{"href":"https:\/\/www.bilboseitai.com\/eu\/wp-json\/wp\/v2\/media?parent=920"}],"curies":[{"name":"wp","href":"https:\/\/api.w.org\/{rel}","templated":true}]}}