{"id":916,"date":"2026-03-03T10:43:50","date_gmt":"2026-03-03T09:43:50","guid":{"rendered":"https:\/\/www.bilboseitai.com\/katsumi-mamine\/"},"modified":"2026-03-27T10:56:16","modified_gmt":"2026-03-27T09:56:16","slug":"katsumi-mamine","status":"publish","type":"page","link":"https:\/\/www.bilboseitai.com\/eu\/katsumi-mamine\/","title":{"rendered":"Katsumi Mamine"},"content":{"rendered":"<section class=\"l-section wpb_row height_large width_full with_img parallax_ver parallaxdir_reversed\"><div class=\"l-section-img\" role=\"img\" aria-label=\"Image\" data-img-width=\"1500\" data-img-height=\"841\" style=\"background-image: url(https:\/\/www.bilboseitai.com\/wp-content\/uploads\/2026\/02\/2150790404.jpg);background-repeat: no-repeat;\"><\/div><div class=\"l-section-overlay\" style=\"background:rgba(0,0,0,0.3)\"><\/div><div class=\"l-section-h i-cf\"><div class=\"g-cols vc_row via_grid cols_1 laptops-cols_inherit tablets-cols_inherit mobiles-cols_1 valign_top type_default stacking_default\"><div class=\"wpb_column vc_column_container\"><div class=\"vc_column-inner\"><div class=\"wpb_text_column us_custom_3cfbc15d has_text_color\"><div class=\"wpb_wrapper\"><h1 id=\"h.b2dhsuwuxb88\" class=\"zfr3Q duRjpb CDt4Ke \" dir=\"ltr\" style=\"text-align: center;\"><span class=\"FdCeP C9DxTc \">Katsumi Mamine<\/span><\/h1>\n<\/div><\/div><\/div><\/div><\/div><\/div><\/section><section class=\"l-section wpb_row height_medium\"><div class=\"l-section-h i-cf\"><div class=\"g-cols vc_row via_grid cols_2 laptops-cols_inherit tablets-cols_1 mobiles-cols_1 valign_middle type_default stacking_default\"><div class=\"wpb_column vc_column_container us_custom_6c21c073 us_animate_this\"><div class=\"vc_column-inner\"><div class=\"w-separator size_medium\"><\/div><div class=\"w-image us_custom_31b980e8 style_shadow-1 align_none\"><div class=\"w-image-h\"><img decoding=\"async\" width=\"700\" height=\"570\" src=\"https:\/\/www.bilboseitai.com\/wp-content\/uploads\/2026\/03\/Katsumi-Mamine-BLOG-SUZUKI-Seitai-KAtsugen-Undo-Laura-Coto-5-min.webp\" class=\"attachment-full size-full\" alt=\"\" loading=\"lazy\" srcset=\"https:\/\/www.bilboseitai.com\/wp-content\/uploads\/2026\/03\/Katsumi-Mamine-BLOG-SUZUKI-Seitai-KAtsugen-Undo-Laura-Coto-5-min.webp 700w, https:\/\/www.bilboseitai.com\/wp-content\/uploads\/2026\/03\/Katsumi-Mamine-BLOG-SUZUKI-Seitai-KAtsugen-Undo-Laura-Coto-5-min-300x244.webp 300w\" sizes=\"auto, (max-width: 700px) 100vw, 700px\" \/><\/div><\/div><div class=\"w-separator size_small\"><\/div><div class=\"w-image us_custom_31b980e8 style_shadow-1 align_none meta_simple\"><div class=\"w-image-h\"><img decoding=\"async\" width=\"700\" height=\"570\" src=\"https:\/\/www.bilboseitai.com\/wp-content\/uploads\/2026\/03\/Katsumi-Mamine-BLOG-SUZUKI-Seitai-KAtsugen-Undo-Laura-Coto-min-1.webp\" class=\"attachment-full size-full\" alt=\"\" loading=\"lazy\" srcset=\"https:\/\/www.bilboseitai.com\/wp-content\/uploads\/2026\/03\/Katsumi-Mamine-BLOG-SUZUKI-Seitai-KAtsugen-Undo-Laura-Coto-min-1.webp 700w, https:\/\/www.bilboseitai.com\/wp-content\/uploads\/2026\/03\/Katsumi-Mamine-BLOG-SUZUKI-Seitai-KAtsugen-Undo-Laura-Coto-min-1-300x244.webp 300w\" sizes=\"auto, (max-width: 700px) 100vw, 700px\" \/><\/div><div class=\"w-image-meta\"><div class=\"w-image-title\">Katsumi Mamine<\/div><div class=\"w-image-description\">1. Impartiendo curso Esquema Osei en el dojo de Seitai Barcelona. <br\/>\n2. Detalle de las manos de Katsumi Mamine sentado en seiza.<\/div><\/div><\/div><div class=\"w-separator size_small\"><\/div><\/div><\/div><div class=\"wpb_column vc_column_container us_custom_ff13c409 us_animate_this\"><div class=\"vc_column-inner\"><h2 class=\"w-text us_custom_a574d586 has_text_color\"><span class=\"w-text-h\"><span class=\"w-text-value\">Katsumi Mamine Miwa<\/span><\/span><\/h2><div class=\"wpb_text_column\"><div class=\"wpb_wrapper\"><p class=\"zfr3Q CDt4Ke \" dir=\"ltr\"><span class=\"C9DxTc \">(Tokio 1944 &#8211; Barcelona 2020) Haruchika Noguchitik zuzenean ikasteko pribilegioa izan zuen. 1972tik aurrera, SEITAI jarduera Garatu zuen Bartzelonan. SEITAI kulturarekin ezagutu zuen, fundazio urteetan, Noguchi maisuaren planteamenduarekin zaletuta zeuden gazte talde batekin elkarlanean arituz, tartean bere semeak zeuden.<\/span><\/p>\n<p class=\"zfr3Q CDt4Ke \" dir=\"ltr\"><span class=\"C9DxTc \">SEITAI praktikak bizi izan eta horietatik eratorritako ezagutzak hausnartuz, beti harritu zuen zerbait hain sinple eta bizitzan oinarrizkoa dena zergatik ez zen irakasten munduko eskoletan. Aldi berean, milaka pertsonari eskainitako arreta tartean, SEITAI kulturaren balio handia ikusi zuen.<\/span><\/p>\n<p class=\"zfr3Q CDt4Ke \" dir=\"ltr\"><span class=\"C9DxTc \">Esperientzia pertsonal eta profesional horretatik, galdetzen zuen zergatik Haruchika Noguchi eta SEITAI ez ziren hain ezagunak egungo kulturaren artean:<\/span><span class=\"C9DxTc \"><br \/>\n<\/span><span class=\"C9DxTc \">Hasierako zailtasuna dago, SEITAI jarduerak esperientzian oinarritzen den ezagutza eskaintzen duela, praktikan eta bizipenetan sortzen dena. Pertsonala eta subjektiboa denez, horren zehaztasunez transmititzea zaila da. Hala ere, Noguchik beti ahalegindu zen SEITAI ikuspegia eta bere aurkikuntza berritzailea ez bakarrik bere ikasleei, baizik eta gizarte osoari komunikatzen.<\/span><\/p>\n<p class=\"zfr3Q CDt4Ke \" dir=\"ltr\"><span class=\"C9DxTc \">Zailtasun hori konpontzea ez zuen lortu, japoniar hizkuntzak elastikotasun handia duela baina, aldi berean, zorrozkeriarik ez duela jakin.<\/span><span class=\"C9DxTc \"><br \/>\n<\/span><span class=\"C9DxTc \">Hamabost urtean zehar, Katsumi Maminek bere maisuaren adierazpenak erabili zituen, eta konturatu zen zuzenean itzultzeak ezin zuela Noguchiren ideien benetako dimentsioa transmititu. Era berean, ulertu zuen kultura ekialdekoa eta mendebaldekoa ez zegoela esateko beharrezko terminoa eta kontzeptuak, Noguchiren aurkikuntzak adierazteko.<\/span><\/p>\n<p class=\"zfr3Q CDt4Ke \" dir=\"ltr\"><span class=\"C9DxTc \">Horrela, Noguchiren planteamendua argi eta garbi komunikatzeko terminoa sortzeko, bere aurkikuntzak (bereziki osei eta osei esquema) konparatu zituen gaur egungo zientziak eta mila urteko medikuntza tradizionalak lortutako giza naturaren ezagutza baliotsuekin.<\/span><\/p>\n<p class=\"zfr3Q CDt4Ke \" dir=\"ltr\"><span class=\"C9DxTc \">SEITAI kulturaren aurkezpen berritua da:<\/span><\/p>\n<ul>\n<li class=\"zfr3Q CDt4Ke \" dir=\"ltr\" role=\"presentation\"><span class=\"C9DxTc \">Maisu Haruchika Noguchiren planteamendu originalari zorrotz fidel, xehetasun txikiena arte;<\/span><\/li>\n<li class=\"zfr3Q CDt4Ke \" dir=\"ltr\" role=\"presentation\"><span class=\"C9DxTc \"><\/span><span class=\"C9DxTc \">Bere aurkikuntza giza ondare berri bat bihurtzeko behar den koherentziaz;<\/span><\/li>\n<li class=\"zfr3Q CDt4Ke \" dir=\"ltr\" role=\"presentation\"><span class=\"C9DxTc \">Edozein pertsonak bere espontaneotasun mugimendu propioa nabaritu eta landu ahal izateko nahikoa sinpletasunarekin, eta bere manifestazio original eta paregabea errespetatuz.<\/span><\/li>\n<\/ul>\n<p class=\"zfr3Q CDt4Ke \" dir=\"ltr\"><span class=\"C9DxTc \">SEITAI kulturak beti eskaintzen ditu katsugen undo eta yuki praktikak eta osei behaketa, jorratzen duen gaia edozein dela ere.<\/span><\/p>\n<p><a href=\"https:\/\/www.seitaibarcelona.com\"><strong>Fundaci\u00f3n Seitai<\/strong><\/a><\/p>\n<\/div><\/div><\/div><\/div><\/div><\/div><\/section>\n","protected":false},"excerpt":{"rendered":"Katsumi Mamine Katsumi Mamine1. Impartiendo curso Esquema Osei en el dojo de Seitai Barcelona. 2. Detalle de las manos de Katsumi Mamine sentado en seiza.Katsumi Mamine Miwa(Tokio 1944 &#8211; Barcelona 2020) Haruchika Noguchitik zuzenean ikasteko pribilegioa izan zuen. 1972tik aurrera, SEITAI jarduera Garatu zuen Bartzelonan. SEITAI kulturarekin ezagutu zuen, fundazio urteetan, Noguchi maisuaren planteamenduarekin zaletuta...","protected":false},"author":2,"featured_media":0,"parent":0,"menu_order":0,"comment_status":"closed","ping_status":"closed","template":"","meta":{"_joinchat":[],"footnotes":""},"class_list":["post-916","page","type-page","status-publish","hentry"],"yoast_head":"<!-- This site is optimized with the Yoast SEO plugin v27.5 - https:\/\/yoast.com\/product\/yoast-seo-wordpress\/ -->\n<title>Katsumi Mamine - Bilboseitai<\/title>\n<meta name=\"robots\" content=\"index, follow, max-snippet:-1, max-image-preview:large, max-video-preview:-1\" \/>\n<link rel=\"canonical\" href=\"https:\/\/www.bilboseitai.com\/katsumi-mamine\/\" \/>\n<meta property=\"og:locale\" content=\"eu_ES\" \/>\n<meta property=\"og:type\" content=\"article\" \/>\n<meta property=\"og:title\" content=\"Katsumi Mamine - Bilboseitai\" \/>\n<meta property=\"og:url\" content=\"https:\/\/www.bilboseitai.com\/katsumi-mamine\/\" \/>\n<meta property=\"og:site_name\" content=\"Bilboseitai\" \/>\n<meta property=\"article:modified_time\" content=\"2026-03-27T09:56:16+00:00\" \/>\n<meta name=\"twitter:card\" content=\"summary_large_image\" \/>\n<meta name=\"twitter:label1\" content=\"Est. reading time\" \/>\n\t<meta name=\"twitter:data1\" content=\"2 minutes\" \/>\n<script type=\"application\/ld+json\" class=\"yoast-schema-graph\">{\"@context\":\"https:\\\/\\\/schema.org\",\"@graph\":[{\"@type\":\"WebPage\",\"@id\":\"https:\\\/\\\/www.bilboseitai.com\\\/katsumi-mamine\\\/\",\"url\":\"https:\\\/\\\/www.bilboseitai.com\\\/katsumi-mamine\\\/\",\"name\":\"Katsumi Mamine - Bilboseitai\",\"isPartOf\":{\"@id\":\"https:\\\/\\\/www.bilboseitai.com\\\/#website\"},\"datePublished\":\"2026-03-03T09:43:50+00:00\",\"dateModified\":\"2026-03-27T09:56:16+00:00\",\"breadcrumb\":{\"@id\":\"https:\\\/\\\/www.bilboseitai.com\\\/katsumi-mamine\\\/#breadcrumb\"},\"inLanguage\":\"eu-ES\",\"potentialAction\":[{\"@type\":\"ReadAction\",\"target\":[\"https:\\\/\\\/www.bilboseitai.com\\\/katsumi-mamine\\\/\"]}]},{\"@type\":\"BreadcrumbList\",\"@id\":\"https:\\\/\\\/www.bilboseitai.com\\\/katsumi-mamine\\\/#breadcrumb\",\"itemListElement\":[{\"@type\":\"ListItem\",\"position\":1,\"name\":\"Portada\",\"item\":\"https:\\\/\\\/www.bilboseitai.com\\\/eu\\\/\"},{\"@type\":\"ListItem\",\"position\":2,\"name\":\"Katsumi Mamine\"}]},{\"@type\":\"WebSite\",\"@id\":\"https:\\\/\\\/www.bilboseitai.com\\\/#website\",\"url\":\"https:\\\/\\\/www.bilboseitai.com\\\/\",\"name\":\"Bilboseitai\",\"description\":\"C\u00f3mo movernos de manera natural, respetando nuestro cuerpo y nuestro vaiv\u00e9n, sin esfuerzo y mediante un sincero di\u00e1logo interior.\",\"potentialAction\":[{\"@type\":\"SearchAction\",\"target\":{\"@type\":\"EntryPoint\",\"urlTemplate\":\"https:\\\/\\\/www.bilboseitai.com\\\/?s={search_term_string}\"},\"query-input\":{\"@type\":\"PropertyValueSpecification\",\"valueRequired\":true,\"valueName\":\"search_term_string\"}}],\"inLanguage\":\"eu-ES\"}]}<\/script>\n<!-- \/ Yoast SEO plugin. -->","yoast_head_json":{"title":"Katsumi Mamine - Bilboseitai","robots":{"index":"index","follow":"follow","max-snippet":"max-snippet:-1","max-image-preview":"max-image-preview:large","max-video-preview":"max-video-preview:-1"},"canonical":"https:\/\/www.bilboseitai.com\/katsumi-mamine\/","og_locale":"eu_ES","og_type":"article","og_title":"Katsumi Mamine - Bilboseitai","og_url":"https:\/\/www.bilboseitai.com\/katsumi-mamine\/","og_site_name":"Bilboseitai","article_modified_time":"2026-03-27T09:56:16+00:00","twitter_card":"summary_large_image","twitter_misc":{"Est. reading time":"2 minutes"},"schema":{"@context":"https:\/\/schema.org","@graph":[{"@type":"WebPage","@id":"https:\/\/www.bilboseitai.com\/katsumi-mamine\/","url":"https:\/\/www.bilboseitai.com\/katsumi-mamine\/","name":"Katsumi Mamine - Bilboseitai","isPartOf":{"@id":"https:\/\/www.bilboseitai.com\/#website"},"datePublished":"2026-03-03T09:43:50+00:00","dateModified":"2026-03-27T09:56:16+00:00","breadcrumb":{"@id":"https:\/\/www.bilboseitai.com\/katsumi-mamine\/#breadcrumb"},"inLanguage":"eu-ES","potentialAction":[{"@type":"ReadAction","target":["https:\/\/www.bilboseitai.com\/katsumi-mamine\/"]}]},{"@type":"BreadcrumbList","@id":"https:\/\/www.bilboseitai.com\/katsumi-mamine\/#breadcrumb","itemListElement":[{"@type":"ListItem","position":1,"name":"Portada","item":"https:\/\/www.bilboseitai.com\/eu\/"},{"@type":"ListItem","position":2,"name":"Katsumi Mamine"}]},{"@type":"WebSite","@id":"https:\/\/www.bilboseitai.com\/#website","url":"https:\/\/www.bilboseitai.com\/","name":"Bilboseitai","description":"C\u00f3mo movernos de manera natural, respetando nuestro cuerpo y nuestro vaiv\u00e9n, sin esfuerzo y mediante un sincero di\u00e1logo interior.","potentialAction":[{"@type":"SearchAction","target":{"@type":"EntryPoint","urlTemplate":"https:\/\/www.bilboseitai.com\/?s={search_term_string}"},"query-input":{"@type":"PropertyValueSpecification","valueRequired":true,"valueName":"search_term_string"}}],"inLanguage":"eu-ES"}]}},"_links":{"self":[{"href":"https:\/\/www.bilboseitai.com\/eu\/wp-json\/wp\/v2\/pages\/916","targetHints":{"allow":["GET"]}}],"collection":[{"href":"https:\/\/www.bilboseitai.com\/eu\/wp-json\/wp\/v2\/pages"}],"about":[{"href":"https:\/\/www.bilboseitai.com\/eu\/wp-json\/wp\/v2\/types\/page"}],"author":[{"embeddable":true,"href":"https:\/\/www.bilboseitai.com\/eu\/wp-json\/wp\/v2\/users\/2"}],"replies":[{"embeddable":true,"href":"https:\/\/www.bilboseitai.com\/eu\/wp-json\/wp\/v2\/comments?post=916"}],"version-history":[{"count":2,"href":"https:\/\/www.bilboseitai.com\/eu\/wp-json\/wp\/v2\/pages\/916\/revisions"}],"predecessor-version":[{"id":932,"href":"https:\/\/www.bilboseitai.com\/eu\/wp-json\/wp\/v2\/pages\/916\/revisions\/932"}],"wp:attachment":[{"href":"https:\/\/www.bilboseitai.com\/eu\/wp-json\/wp\/v2\/media?parent=916"}],"curies":[{"name":"wp","href":"https:\/\/api.w.org\/{rel}","templated":true}]}}