{"id":909,"date":"2026-02-24T12:19:27","date_gmt":"2026-02-24T11:19:27","guid":{"rendered":"https:\/\/www.bilboseitai.com\/que-es-seitai\/"},"modified":"2026-04-08T17:51:14","modified_gmt":"2026-04-08T15:51:14","slug":"zer-da-seitai","status":"publish","type":"page","link":"https:\/\/www.bilboseitai.com\/eu\/zer-da-seitai\/","title":{"rendered":"Zer da Seitai"},"content":{"rendered":"<section class=\"l-section wpb_row height_large width_full with_img parallax_ver parallaxdir_reversed\"><div class=\"l-section-img\" role=\"img\" aria-label=\"Image\" data-img-width=\"1500\" data-img-height=\"1000\" style=\"background-image: url(https:\/\/www.bilboseitai.com\/wp-content\/uploads\/2026\/03\/2149063011.jpg);background-repeat: no-repeat;\"><\/div><div class=\"l-section-overlay\" style=\"background:rgba(0,0,0,0.3)\"><\/div><div class=\"l-section-h i-cf\"><div class=\"g-cols vc_row via_grid cols_1 laptops-cols_inherit tablets-cols_inherit mobiles-cols_1 valign_top type_default stacking_default\"><div class=\"wpb_column vc_column_container\"><div class=\"vc_column-inner\"><div class=\"wpb_text_column us_custom_3cfbc15d has_text_color\"><div class=\"wpb_wrapper\"><h1 id=\"h.ay85m8t99jsh\" class=\"zfr3Q duRjpb CDt4Ke \" dir=\"ltr\" style=\"text-align: center;\"><span class=\"FdCeP C9DxTc \">\u6574\u4f53 <\/span><span class=\"FdCeP C9DxTc \">Seitai<\/span><\/h1>\n<\/div><\/div><\/div><\/div><\/div><\/div><\/section><section class=\"l-section wpb_row height_medium\"><div class=\"l-section-h i-cf\"><div class=\"g-cols vc_row via_grid cols_2 laptops-cols_inherit tablets-cols_1 mobiles-cols_1 valign_middle type_default stacking_default\"><div class=\"wpb_column vc_column_container us_custom_6c21c073 us_animate_this\"><div class=\"vc_column-inner\"><div class=\"w-separator size_medium\"><\/div><div class=\"w-image us_custom_31b980e8 style_shadow-1 align_none\"><div class=\"w-image-h\"><img decoding=\"async\" width=\"1536\" height=\"1024\" src=\"https:\/\/www.bilboseitai.com\/wp-content\/uploads\/2026\/04\/Bermeo.jpg\" class=\"attachment-full size-full\" alt=\"\" loading=\"lazy\" srcset=\"https:\/\/www.bilboseitai.com\/wp-content\/uploads\/2026\/04\/Bermeo.jpg 1536w, https:\/\/www.bilboseitai.com\/wp-content\/uploads\/2026\/04\/Bermeo-300x200.jpg 300w, https:\/\/www.bilboseitai.com\/wp-content\/uploads\/2026\/04\/Bermeo-1024x683.jpg 1024w, https:\/\/www.bilboseitai.com\/wp-content\/uploads\/2026\/04\/Bermeo-400x267.jpg 400w, https:\/\/www.bilboseitai.com\/wp-content\/uploads\/2026\/04\/Bermeo-900x600.jpg 900w\" sizes=\"auto, (max-width: 1536px) 100vw, 1536px\" \/><\/div><\/div><div class=\"w-separator size_small\"><\/div><div class=\"w-image us_custom_31b980e8 style_shadow-1 align_none meta_simple\"><div class=\"w-image-h\"><img decoding=\"async\" width=\"1913\" height=\"1573\" src=\"https:\/\/www.bilboseitai.com\/wp-content\/uploads\/2026\/02\/seitai.png\" class=\"attachment-full size-full\" alt=\"\" loading=\"lazy\" srcset=\"https:\/\/www.bilboseitai.com\/wp-content\/uploads\/2026\/02\/seitai.png 1913w, https:\/\/www.bilboseitai.com\/wp-content\/uploads\/2026\/02\/seitai-300x247.png 300w, https:\/\/www.bilboseitai.com\/wp-content\/uploads\/2026\/02\/seitai-1024x842.png 1024w\" sizes=\"auto, (max-width: 1913px) 100vw, 1913px\" \/><\/div><div class=\"w-image-meta\"><div class=\"w-image-title\">SEITAI, UNA NUEVA COMPRENSI\u00d3N DE LA NATURALEZA HUMANA<\/div><div class=\"w-image-description\">Katsumi Mamine Miwa,  Barcelona, 2 de Enero de 2007<\/div><\/div><\/div><div class=\"w-separator size_small\"><\/div><\/div><\/div><div class=\"wpb_column vc_column_container us_custom_ff13c409 us_animate_this\"><div class=\"vc_column-inner\"><h2 class=\"w-text us_custom_a574d586 has_text_color\"><span class=\"w-text-h\"><span class=\"w-text-value\">Gorputza ordenatzea, autorregulatzea<\/span><\/span><\/h2><div class=\"wpb_text_column\"><div class=\"wpb_wrapper\"><p>Seitai berbak, japonieraz, &#8220;gorputza autorregulatzea, antolatzea&#8221; esan nahi du .<br \/>\nSeitai, giza izaera ulertzeko, zaintzeko, behatzeko eta lantzeko modu bat da; izaera, neurea, zeurea, berea, norbanako bakoitzarena, izaki bizidun bakoitzarena, bakarra eta errepikaezina baita. Gure organismoari, gorputzari, bere osotasunean, darion bizitzaren adierazpen espontaneoa lantzean eta errespetatzean datza, menperatzen eta kontrolatzen saiatu barik. Gure gorputz osotik, izaki osoaren baitatik sortzen da bizitza-adimena; ez enborra mendean duen burutik, baizik eta gure zelula bakoitzetik, gure ADNtik. Eta bost mugimendutan oinarritutako praktika sinple batzuen bidez berreskuratuko dugu gure alderdi hori, urteetan zehar ahaztuta baina, halere, oraindik ere aldean daramaguna.<\/p>\n<p>Bizitza-adimen honi esker sortu gara zelula bakar batetik; jaio, hazi, elikatu, ugaldu eta inguruko egoeretara moldatzen gara, mundura etorri ginenetik eta gure bizitzaren azken egunera arte.<\/p>\n<p>Noguchik Tenshin hitzaren bidez gogorarazten digu ze espiritu edo gogo behar dugun bizitzeko, gure seme-alabak hezteko eta praktikatzeko. &#8220;Ortziaren psikea&#8221; da Katsumiren hitzetan, Tenshin-ek &#8220;zeruko bihotza&#8221; esan nahi baitu japonieraz. Bi &#8220;kanju&#8221; ditu hitzak: zerua eta bihotza; baina hau ez zentzu anatomikoan ulertuta, psike bezala baizik. Noguchik zioen helduok haurrei tenshin-a lapurtu barik, eurekin bizi behar dugula, elkarrekin, tenshin horretan.<\/p>\n<p>Nik Tenshin hitza aukeratzen dut Seitai Kulturaren definiziorako. Malgutasun fisiko eta mentala berreskuratzea, gure CVP (Buru, Orno eta Pelbisa) osotasunean koordinatzea, inolako helburu zehatzik gabe, jaiotzez genuen eta ezagutza, ikasketa, ahalegin edo teknika konplexurik behar ez duen hizkuntza zahar honekin gozatzea besterik ez. Harritu eta gure CVP beraren bidez eramaten uztea. Gure burua ohituta gauden modutik ezberdin mugituko dugu, eta praktika sinple honetan ikusiko dugu nola landu dezakegun gure natura, gure mugimendua lagunduz eta errespetatuz, ez ezer behartu edo ahalegindu nahi izanda.<\/p>\n<p>Horregatik, Haruchika Noguchik 1956an Seitai Elkartea sortu zuen, bere benetako tokia emanez: kultura gisa, eta ez terapia gisa. Japoniako Hezkuntza eta Zientzia Ministerioak aitortua, gaur egun bertan jarraitzen du.<\/p>\n<\/div><\/div><\/div><\/div><\/div><\/div><\/section><section class=\"l-section wpb_row height_medium with_img parallax_ver parallaxdir_reversed\"><div class=\"l-section-img\" role=\"img\" aria-label=\"Image\" data-img-width=\"2560\" data-img-height=\"1440\" style=\"background-image: url(https:\/\/www.bilboseitai.com\/wp-content\/uploads\/2026\/03\/316235131_f1704871-46eb-41d0-9c87-11e63076e932-scaled.jpg);background-repeat: no-repeat;\"><\/div><div class=\"l-section-overlay\" style=\"background:rgba(255,255,255,0.95)\"><\/div><div class=\"l-section-h i-cf\"><div class=\"g-cols vc_row via_grid cols_1 laptops-cols_inherit tablets-cols_1 mobiles-cols_1 valign_middle type_default stacking_default\"><div class=\"wpb_column vc_column_container us_custom_eaca26c6 us_animate_this\"><div class=\"vc_column-inner\"><h2 class=\"w-text us_custom_e1ac95b1 has_text_color\"><span class=\"w-text-h\"><span class=\"w-text-value\">&#8220;&#8230;Seitai&#8221; hitzez hitz itzulita &#8220;gorputz erregulatua&#8221; esan nahi du<\/span><\/span><\/h2><div class=\"wpb_text_column\"><div class=\"wpb_wrapper\"><p class=\"zfr3Q CDt4Ke \" dir=\"ltr\"><span class=\"C9DxTc \">Mendeetan zehar, gorputzaren naturari buruzko hainbat kontzeptu artifizial sortu dira; Seitai-k, berriz, bere jatorrizko zentzua berreskuratzen du eta bere burua berez erregulatzen duen bezala kontenplatzan du.<\/span><span class=\"C9DxTc \"><br \/>\n<\/span><span class=\"C9DxTc \">Izan ere, gorputza izaki bizidun bat da, besterik ez. Gorputza izaki bizidun soil gisa hartzen badugu, funtsezko\u00a0 galdera\u00a0 bat planteatzen da: bizitza,\u00a0 bizi-energiaren neurrigabeko jarduera autonomoa, ki-a.<\/span><span class=\"C9DxTc \"><br \/>\n<\/span><span class=\"C9DxTc \">Lehenik eta behin, Seitai bere dinamismo eta naturarekiko errespetua da; gatazkatsua dirudien existentzia hau osasuntsu, bete-betean eta askatasunez bizitzea da.<\/span><span class=\"C9DxTc \"><br \/>\n<\/span><span class=\"C9DxTc \">Baina, nork sentitzen eta gauzatzen du bizitza osasuntsu, betea eta askea? Gutako bakoitzak , zeren , zer zentzu izango lukete osasun eta betetasun kontzeptuek, bizi izandako esperientzia erreal bati erantzungo ez baliote?<\/span><\/p>\n<p class=\"zfr3Q CDt4Ke \" dir=\"ltr\"><span class=\"C9DxTc \">Batzuek diote:<\/span><span class=\"C9DxTc \"><br \/>\n<\/span><span class=\"C9DxTc \">&#8220;Osasunez gozatzen badut, egunero halako ordu\u00a0 batean esnatzen eta lotara joaten naizelako , ariketa jakin batzuk etenik gabe praktikatzen ditudalako eta dieta jakin bat jarraitzen dudalako da&#8230;&#8221;<\/span><span class=\"C9DxTc \"><br \/>\n<\/span><span class=\"C9DxTc \">Hau gogo hausnarketak sortutako jarrera bat da, eta planteamendu hauek benetako bizipenei erantzuten badiete, ezin ezer esan.<\/span><span class=\"C9DxTc \"><br \/>\n<\/span><span class=\"C9DxTc \">Baina galde geniezaioke geure buruari:\u00a0 praktika jakin batzuk burutu ezik\u00a0 eta zenbait printzipio bete ezean, ez al\u00a0 gara osasuntsuak izango? Bizitza osasuntsua borondatezko praktika batzuen ondorio al da, edo gure gorputza berez osasuntsu bizitzeko gai delako gertatzen da?&#8221;<\/span><\/p>\n<p style=\"text-align: right;\"><span class=\"C9DxTc \">GORPUTZA DA&#8230; SEITAI-KO KONTZEPTU BAT<\/span><br \/>\n<em><span class=\"C9DxTc \">Katsumi Mamine, 1983<\/span><\/em><span class=\"C9DxTc \"><span class=\"Apple-tab-span \"> <\/span><\/span><\/p>\n<\/div><\/div><\/div><\/div><\/div><\/div><\/section>\n","protected":false},"excerpt":{"rendered":"\u6574\u4f53 Seitai SEITAI, UNA NUEVA COMPRENSI\u00d3N DE LA NATURALEZA HUMANAKatsumi Mamine Miwa, Barcelona, 2 de Enero de 2007Gorputza ordenatzea, autorregulatzeaSeitai berbak, japonieraz, &#8220;gorputza autorregulatzea, antolatzea&#8221; esan nahi du . Seitai, giza izaera ulertzeko, zaintzeko, behatzeko eta lantzeko modu bat da; izaera, neurea, zeurea, berea, norbanako bakoitzarena, izaki bizidun bakoitzarena, bakarra eta errepikaezina baita. Gure organismoari,...","protected":false},"author":2,"featured_media":0,"parent":0,"menu_order":0,"comment_status":"closed","ping_status":"closed","template":"","meta":{"_joinchat":[],"footnotes":""},"class_list":["post-909","page","type-page","status-publish","hentry"],"yoast_head":"<!-- This site is optimized with the Yoast SEO plugin v27.5 - https:\/\/yoast.com\/product\/yoast-seo-wordpress\/ -->\n<title>Zer da Seitai - Bilboseitai<\/title>\n<meta name=\"robots\" content=\"index, follow, max-snippet:-1, max-image-preview:large, max-video-preview:-1\" \/>\n<link rel=\"canonical\" href=\"https:\/\/www.bilboseitai.com\/eu\/zer-da-seitai\/\" \/>\n<meta property=\"og:locale\" content=\"eu_ES\" \/>\n<meta property=\"og:type\" content=\"article\" \/>\n<meta property=\"og:title\" content=\"Zer da Seitai - Bilboseitai\" \/>\n<meta property=\"og:url\" content=\"https:\/\/www.bilboseitai.com\/eu\/zer-da-seitai\/\" \/>\n<meta property=\"og:site_name\" content=\"Bilboseitai\" \/>\n<meta property=\"article:modified_time\" content=\"2026-04-08T15:51:14+00:00\" \/>\n<meta name=\"twitter:card\" content=\"summary_large_image\" \/>\n<meta name=\"twitter:label1\" content=\"Est. reading time\" \/>\n\t<meta name=\"twitter:data1\" content=\"3 minutes\" \/>\n<script type=\"application\/ld+json\" class=\"yoast-schema-graph\">{\"@context\":\"https:\\\/\\\/schema.org\",\"@graph\":[{\"@type\":\"WebPage\",\"@id\":\"https:\\\/\\\/www.bilboseitai.com\\\/eu\\\/zer-da-seitai\\\/\",\"url\":\"https:\\\/\\\/www.bilboseitai.com\\\/eu\\\/zer-da-seitai\\\/\",\"name\":\"Zer da Seitai - Bilboseitai\",\"isPartOf\":{\"@id\":\"https:\\\/\\\/www.bilboseitai.com\\\/#website\"},\"datePublished\":\"2026-02-24T11:19:27+00:00\",\"dateModified\":\"2026-04-08T15:51:14+00:00\",\"breadcrumb\":{\"@id\":\"https:\\\/\\\/www.bilboseitai.com\\\/eu\\\/zer-da-seitai\\\/#breadcrumb\"},\"inLanguage\":\"eu-ES\",\"potentialAction\":[{\"@type\":\"ReadAction\",\"target\":[\"https:\\\/\\\/www.bilboseitai.com\\\/eu\\\/zer-da-seitai\\\/\"]}]},{\"@type\":\"BreadcrumbList\",\"@id\":\"https:\\\/\\\/www.bilboseitai.com\\\/eu\\\/zer-da-seitai\\\/#breadcrumb\",\"itemListElement\":[{\"@type\":\"ListItem\",\"position\":1,\"name\":\"Portada\",\"item\":\"https:\\\/\\\/www.bilboseitai.com\\\/eu\\\/\"},{\"@type\":\"ListItem\",\"position\":2,\"name\":\"Zer da Seitai\"}]},{\"@type\":\"WebSite\",\"@id\":\"https:\\\/\\\/www.bilboseitai.com\\\/#website\",\"url\":\"https:\\\/\\\/www.bilboseitai.com\\\/\",\"name\":\"Bilboseitai\",\"description\":\"C\u00f3mo movernos de manera natural, respetando nuestro cuerpo y nuestro vaiv\u00e9n, sin esfuerzo y mediante un sincero di\u00e1logo interior.\",\"potentialAction\":[{\"@type\":\"SearchAction\",\"target\":{\"@type\":\"EntryPoint\",\"urlTemplate\":\"https:\\\/\\\/www.bilboseitai.com\\\/?s={search_term_string}\"},\"query-input\":{\"@type\":\"PropertyValueSpecification\",\"valueRequired\":true,\"valueName\":\"search_term_string\"}}],\"inLanguage\":\"eu-ES\"}]}<\/script>\n<!-- \/ Yoast SEO plugin. -->","yoast_head_json":{"title":"Zer da Seitai - Bilboseitai","robots":{"index":"index","follow":"follow","max-snippet":"max-snippet:-1","max-image-preview":"max-image-preview:large","max-video-preview":"max-video-preview:-1"},"canonical":"https:\/\/www.bilboseitai.com\/eu\/zer-da-seitai\/","og_locale":"eu_ES","og_type":"article","og_title":"Zer da Seitai - Bilboseitai","og_url":"https:\/\/www.bilboseitai.com\/eu\/zer-da-seitai\/","og_site_name":"Bilboseitai","article_modified_time":"2026-04-08T15:51:14+00:00","twitter_card":"summary_large_image","twitter_misc":{"Est. reading time":"3 minutes"},"schema":{"@context":"https:\/\/schema.org","@graph":[{"@type":"WebPage","@id":"https:\/\/www.bilboseitai.com\/eu\/zer-da-seitai\/","url":"https:\/\/www.bilboseitai.com\/eu\/zer-da-seitai\/","name":"Zer da Seitai - Bilboseitai","isPartOf":{"@id":"https:\/\/www.bilboseitai.com\/#website"},"datePublished":"2026-02-24T11:19:27+00:00","dateModified":"2026-04-08T15:51:14+00:00","breadcrumb":{"@id":"https:\/\/www.bilboseitai.com\/eu\/zer-da-seitai\/#breadcrumb"},"inLanguage":"eu-ES","potentialAction":[{"@type":"ReadAction","target":["https:\/\/www.bilboseitai.com\/eu\/zer-da-seitai\/"]}]},{"@type":"BreadcrumbList","@id":"https:\/\/www.bilboseitai.com\/eu\/zer-da-seitai\/#breadcrumb","itemListElement":[{"@type":"ListItem","position":1,"name":"Portada","item":"https:\/\/www.bilboseitai.com\/eu\/"},{"@type":"ListItem","position":2,"name":"Zer da Seitai"}]},{"@type":"WebSite","@id":"https:\/\/www.bilboseitai.com\/#website","url":"https:\/\/www.bilboseitai.com\/","name":"Bilboseitai","description":"C\u00f3mo movernos de manera natural, respetando nuestro cuerpo y nuestro vaiv\u00e9n, sin esfuerzo y mediante un sincero di\u00e1logo interior.","potentialAction":[{"@type":"SearchAction","target":{"@type":"EntryPoint","urlTemplate":"https:\/\/www.bilboseitai.com\/?s={search_term_string}"},"query-input":{"@type":"PropertyValueSpecification","valueRequired":true,"valueName":"search_term_string"}}],"inLanguage":"eu-ES"}]}},"_links":{"self":[{"href":"https:\/\/www.bilboseitai.com\/eu\/wp-json\/wp\/v2\/pages\/909","targetHints":{"allow":["GET"]}}],"collection":[{"href":"https:\/\/www.bilboseitai.com\/eu\/wp-json\/wp\/v2\/pages"}],"about":[{"href":"https:\/\/www.bilboseitai.com\/eu\/wp-json\/wp\/v2\/types\/page"}],"author":[{"embeddable":true,"href":"https:\/\/www.bilboseitai.com\/eu\/wp-json\/wp\/v2\/users\/2"}],"replies":[{"embeddable":true,"href":"https:\/\/www.bilboseitai.com\/eu\/wp-json\/wp\/v2\/comments?post=909"}],"version-history":[{"count":5,"href":"https:\/\/www.bilboseitai.com\/eu\/wp-json\/wp\/v2\/pages\/909\/revisions"}],"predecessor-version":[{"id":1132,"href":"https:\/\/www.bilboseitai.com\/eu\/wp-json\/wp\/v2\/pages\/909\/revisions\/1132"}],"wp:attachment":[{"href":"https:\/\/www.bilboseitai.com\/eu\/wp-json\/wp\/v2\/media?parent=909"}],"curies":[{"name":"wp","href":"https:\/\/api.w.org\/{rel}","templated":true}]}}