{"id":897,"date":"2026-03-04T13:11:36","date_gmt":"2026-03-04T12:11:36","guid":{"rendered":"https:\/\/www.bilboseitai.com\/bibliografia\/"},"modified":"2026-04-07T20:33:26","modified_gmt":"2026-04-07T18:33:26","slug":"bibliografia","status":"publish","type":"page","link":"https:\/\/www.bilboseitai.com\/eu\/bibliografia\/","title":{"rendered":"Bibliografia"},"content":{"rendered":"<section class=\"l-section wpb_row height_large width_full with_img parallax_ver parallaxdir_reversed\"><div class=\"l-section-img\" role=\"img\" aria-label=\"Image\" data-img-width=\"1500\" data-img-height=\"1000\" style=\"background-image: url(https:\/\/www.bilboseitai.com\/wp-content\/uploads\/2026\/03\/21256.jpg);background-repeat: no-repeat;\"><\/div><div class=\"l-section-overlay\" style=\"background:rgba(0,0,0,0.3)\"><\/div><div class=\"l-section-h i-cf\"><div class=\"g-cols vc_row via_grid cols_1 laptops-cols_inherit tablets-cols_inherit mobiles-cols_1 valign_top type_default stacking_default\"><div class=\"wpb_column vc_column_container\"><div class=\"vc_column-inner\"><div class=\"wpb_text_column us_custom_3cfbc15d has_text_color\"><div class=\"wpb_wrapper\"><h1 class=\"zfr3Q duRjpb CDt4Ke \" dir=\"ltr\" style=\"text-align: center;\">Bibliografia<\/h1>\n<\/div><\/div><\/div><\/div><\/div><\/div><\/section><section class=\"l-section wpb_row height_medium\"><div class=\"l-section-h i-cf\"><div class=\"g-cols vc_row via_grid cols_2 laptops-cols_inherit tablets-cols_1 mobiles-cols_1 valign_middle type_default stacking_default\" style=\"--columns-gap:5rem;\"><div class=\"wpb_column vc_column_container us_custom_6c21c073 us_animate_this\"><div class=\"vc_column-inner\"><h2 class=\"w-text us_custom_a574d586 has_text_color\"><span class=\"w-text-h\"><span class=\"w-text-value\">KATSUMI MAMINE MIWA<\/span><\/span><\/h2><div class=\"wpb_text_column\"><div class=\"wpb_wrapper\"><ul>\n<li class=\"zfr3Q CDt4Ke \" dir=\"ltr\"><em><span class=\"C9DxTc \">Seitai, una nueva comprensi\u00f3n de la Naturaleza Humana <\/span><\/em><span class=\"C9DxTc \">(2007)<\/span><\/li>\n<li class=\"zfr3Q CDt4Ke \" dir=\"ltr\"><em><span class=\"C9DxTc \">La Osei y la CVP \u00f3sea <\/span><\/em><span class=\"C9DxTc \">(2007)<\/span><\/li>\n<li class=\"zfr3Q CDt4Ke \" dir=\"ltr\"><em><span class=\"C9DxTc \">La Osei y la CVP muscular <\/span><\/em><span class=\"C9DxTc \">(2007)<\/span><\/li>\n<li class=\"zfr3Q CDt4Ke \" dir=\"ltr\"><em><span class=\"C9DxTc \">La Osei en la vida cotidiana <\/span><\/em><span class=\"C9DxTc \">(2007)<\/span><\/li>\n<li class=\"zfr3Q CDt4Ke \" dir=\"ltr\"><em><span class=\"C9DxTc \">Seitai y la naturaleza humana<\/span><\/em><span class=\"C9DxTc \"> (2011)<\/span><\/li>\n<li class=\"zfr3Q CDt4Ke \" dir=\"ltr\"><em><span class=\"C9DxTc \">La VIDA, las cinco oseis <\/span><\/em><span class=\"C9DxTc \">(2016)<\/span><\/li>\n<li class=\"zfr3Q CDt4Ke \" dir=\"ltr\"><em><span class=\"C9DxTc \">Naturaleza humana y SEITAI <\/span><\/em><span class=\"C9DxTc \">(2018)<\/span><\/li>\n<\/ul>\n<p class=\"zfr3Q CDt4Ke \" dir=\"ltr\"><span class=\"C9DxTc \">Seitai Barcelona argitaletxeak argitaratutako liburuak:<span>\u00a0<\/span><\/span><a class=\"XqQF9c\" href=\"http:\/\/www.seitaibarcelona.cat\/\" target=\"_blank\" rel=\"noopener\"><span class=\"C9DxTc \">www.seitaibarcelona.cat<\/span><\/a><br \/>\n<span class=\"C9DxTc \"><em>El movimiento vital<\/em> (2014). Icaria Editorial<\/span><span class=\"C9DxTc \">\u00a0<\/span><\/p>\n<\/div><\/div><div class=\"w-separator size_small with_line width_default thick_1 style_solid color_border align_center\"><div class=\"w-separator-h\"><\/div><\/div><h2 class=\"w-text us_custom_a574d586 has_text_color\"><span class=\"w-text-h\"><span class=\"w-text-value\">HARUCHIKA NOGUCHI<\/span><\/span><\/h2><div class=\"wpb_text_column\"><div class=\"wpb_wrapper\"><ul>\n<li class=\"zfr3Q CDt4Ke \" dir=\"ltr\">\n<p class=\"zfr3Q CDt4Ke \" dir=\"ltr\"><span class=\"C9DxTc \"><em>Aldizkariak Zensei<\/em>.<span>\u00a0<\/span><\/span><span class=\"C9DxTc \">Seitai Barcelonak argitaratutakoak (67 zenbaki, 1977ko uztailatik 1991ko abendura arte)<\/span><\/p>\n<\/li>\n<li class=\"zfr3Q CDt4Ke \" dir=\"ltr\">\n<p class=\"zfr3Q CDt4Ke \" dir=\"ltr\"><span class=\"C9DxTc \"><\/span><span class=\"C9DxTc \"><em>Aldizkariak\u00a0 Zensei<\/em>. Seitai Kyokai Japoniatik argitaratuta (1977ko uztailetik gaur egunera arte)<\/span><\/p>\n<\/li>\n<li class=\"zfr3Q CDt4Ke \" dir=\"ltr\">\n<p class=\"zfr3Q CDt4Ke \" dir=\"ltr\"><span class=\"C9DxTc \"><\/span><span class=\"C9DxTc \"><em>&#8220;Gorputzaren mogimunduaren egitura&#8221;<\/em> (1974) . Zenseisha CO. argitaletxea, Ltd., Tokio. Soilik japoniar hizkuntzan.\u00a0<\/span><\/p>\n<\/li>\n<li class=\"zfr3Q CDt4Ke \" dir=\"ltr\">\n<p class=\"zfr3Q CDt4Ke \" dir=\"ltr\"><span class=\"C9DxTc \"><\/span><span class=\"C9DxTc \"><em>&#8220;Bizitza osasuntsuaren printzipioak.\u00a0 Katsugen undo-ren gomendioa&#8221;<\/em> (1976).<span>\u00a0<\/span><\/span><span class=\"C9DxTc \">Zenseisha CO. argitaletxea, Ltd., Tokio<\/span><span class=\"C9DxTc \">. Tokio. Japoniar hizkuntzan eta Ingeleseko hizkuntzan.\u00a0<\/span><\/p>\n<\/li>\n<li class=\"zfr3Q CDt4Ke \" dir=\"ltr\">\n<p class=\"zfr3Q CDt4Ke \" dir=\"ltr\"><span class=\"C9DxTc \"><\/span><span class=\"C9DxTc \"><em>&#8220;Ningen no Tankyu&#8221;<\/em> (<\/span><span class=\"C9DxTc \">Gizakiaren bilaketa<\/span><span class=\"C9DxTc \">).\u00a0 Edukia agortuta eta soilik japoniar hizkuntzan.<span>\u00a0<\/span><\/span><span class=\"C9DxTc \">Zenseisha CO. argitaletxea, Ltd., Tokio. Tokio<\/span><\/p>\n<\/li>\n<\/ul>\n<\/div><\/div><div class=\"w-separator hide_on_mobiles size_huge\"><\/div><\/div><\/div><div class=\"wpb_column vc_column_container us_custom_ff13c409 us_animate_this\"><div class=\"vc_column-inner\"><h2 class=\"w-text us_custom_e1ac95b1 has_text_color\"><span class=\"w-text-h\"><span class=\"w-text-value\">ELKARRIZKETAK ETA INTERESGARREN LOTURAK<\/span><\/span><\/h2><div class=\"wpb_text_column\"><div class=\"wpb_wrapper\"><ul>\n<li class=\"zfr3Q CDt4Ke \" dir=\"ltr\"><a href=\"http:\/\/www.rtve.es\/alacarta\/videos\/para-todos-la-2\/para-todos-2-entrevista-katsumi-mamine-movimiento-vital\/2617526\/\"><span class=\"C9DxTc \">TV2. <em>Para Todos<\/em> a la 2 (16 de Junio del 2014)<\/span><\/a><\/li>\n<li class=\"zfr3Q CDt4Ke \" dir=\"ltr\"><a href=\"https:\/\/www.lavanguardia.com\/lacontra\/20140807\/54412828443\/se-trata-de-regenerar-el-vigor-de-vivir.html\"><span class=\"C9DxTc \">Contra de <em>la Vanguardia<\/em> (Jueves 7 de agosto del 2014)<\/span><\/a><\/li>\n<li class=\"zfr3Q CDt4Ke \" dir=\"ltr\"><a href=\"https:\/\/youtu.be\/BDCdkiN2rSI\"><span class=\"C9DxTc \">Terr\u00edcoles\/betev\u00e9<\/span><\/a><\/li>\n<li class=\"zfr3Q CDt4Ke \" dir=\"ltr\"><a href=\"http:\/\/www.ara.cat\/suplements\/diumenge\/Aprendre-dels-mestres_0_1153084693.html\"><span class=\"C9DxTc \">Art\u00edculo del <em>Diari Ara. <\/em><\/span>Marina Garc\u00e9s: <em>Aprendre dels mestres<\/em> (08\/06\/2014)<\/a><\/li>\n<li class=\"zfr3Q CDt4Ke \" dir=\"ltr\"><a href=\"https:\/\/www.youtube.com\/watch?v=0VCjMWInxyE&amp;feature=youtu.be\"><span class=\"C9DxTc \">Presentaci\u00f3n del Documental <\/span><span class=\"C9DxTc \"><em>SEITAI: Observar la vida, comprenderla i recuperar la vitalidad<\/em> (Enero 2020)<\/span><\/a><\/li>\n<\/ul>\n<p class=\"zfr3Q CDt4Ke \" dir=\"ltr\"><span class=\"C9DxTc \"><strong>JOAN LLUIS CARRATAL\u00c0<\/strong><br \/>\n<\/span><span class=\"C9DxTc \">Liburua: <\/span><em><span class=\"C9DxTc \">Al \u00e9xito en los cinco movimientos. <\/span><\/em><span class=\"C9DxTc \">Empresa Activa. <\/span><span class=\"C9DxTc \">2007<\/span><\/p>\n<p class=\"zfr3Q CDt4Ke \" dir=\"ltr\"><span class=\"C9DxTc \"><strong>MARTA CULLER\u00c9S<\/strong><br \/>\n<\/span><span class=\"C9DxTc \">Liburua: <\/span><span class=\"C9DxTc \"><em>La Paula fa els cinc moviments.<\/em> Ed Icaria (2016)<\/span><\/p>\n<p class=\"zfr3Q CDt4Ke \" dir=\"ltr\"><strong><span class=\"C9DxTc \">LAURA LOPEZ COTO<br \/>\n<\/span><\/strong><span class=\"C9DxTc \">Liburua: <\/span><span class=\"C9DxTc \"><em>Seitai. Inteligencia Vital<\/em> (2016)<br \/>\n<\/span><span class=\"C9DxTc \">\u00a0 \u00a0 \u00a0 \u00a0 \u00a0 \u00a0 \u00a0 \u00a0 \u00a0<em>Seitai Mujer Vital<\/em> (2019)<\/span><span class=\"C9DxTc \">\u00a0<\/span><\/p>\n<\/div><\/div><div class=\"w-separator size_medium\"><\/div><div class=\"w-image style_shadow-1 align_none\"><div class=\"w-image-h\"><img decoding=\"async\" width=\"1024\" height=\"574\" src=\"https:\/\/www.bilboseitai.com\/wp-content\/uploads\/2026\/03\/20378-1024x574.jpg\" class=\"attachment-large size-large\" alt=\"\" loading=\"lazy\" srcset=\"https:\/\/www.bilboseitai.com\/wp-content\/uploads\/2026\/03\/20378-1024x574.jpg 1024w, https:\/\/www.bilboseitai.com\/wp-content\/uploads\/2026\/03\/20378-300x168.jpg 300w, https:\/\/www.bilboseitai.com\/wp-content\/uploads\/2026\/03\/20378.jpg 1500w\" sizes=\"auto, (max-width: 1024px) 100vw, 1024px\" \/><\/div><\/div><\/div><\/div><\/div><\/div><\/section>\n","protected":false},"excerpt":{"rendered":"Bibliografia KATSUMI MAMINE MIWA Seitai, una nueva comprensi\u00f3n de la Naturaleza Humana (2007) La Osei y la CVP \u00f3sea (2007) La Osei y la CVP muscular (2007) La Osei en la vida cotidiana (2007) Seitai y la naturaleza humana (2011) La VIDA, las cinco oseis (2016) Naturaleza humana y SEITAI (2018) Seitai Barcelona argitaletxeak argitaratutako...","protected":false},"author":2,"featured_media":0,"parent":0,"menu_order":0,"comment_status":"closed","ping_status":"closed","template":"","meta":{"_joinchat":[],"footnotes":""},"class_list":["post-897","page","type-page","status-publish","hentry"],"yoast_head":"<!-- This site is optimized with the Yoast SEO plugin v27.5 - https:\/\/yoast.com\/product\/yoast-seo-wordpress\/ -->\n<title>Bibliografia - Bilboseitai<\/title>\n<meta name=\"robots\" content=\"index, follow, max-snippet:-1, max-image-preview:large, max-video-preview:-1\" \/>\n<link rel=\"canonical\" href=\"https:\/\/www.bilboseitai.com\/eu\/bibliografia\/\" \/>\n<meta property=\"og:locale\" content=\"eu_ES\" \/>\n<meta property=\"og:type\" content=\"article\" \/>\n<meta property=\"og:title\" content=\"Bibliografia - Bilboseitai\" \/>\n<meta property=\"og:url\" content=\"https:\/\/www.bilboseitai.com\/eu\/bibliografia\/\" \/>\n<meta property=\"og:site_name\" content=\"Bilboseitai\" \/>\n<meta property=\"article:modified_time\" content=\"2026-04-07T18:33:26+00:00\" \/>\n<meta name=\"twitter:card\" content=\"summary_large_image\" \/>\n<meta name=\"twitter:label1\" content=\"Est. reading time\" \/>\n\t<meta name=\"twitter:data1\" content=\"2 minutes\" \/>\n<script type=\"application\/ld+json\" class=\"yoast-schema-graph\">{\"@context\":\"https:\\\/\\\/schema.org\",\"@graph\":[{\"@type\":\"WebPage\",\"@id\":\"https:\\\/\\\/www.bilboseitai.com\\\/eu\\\/bibliografia\\\/\",\"url\":\"https:\\\/\\\/www.bilboseitai.com\\\/eu\\\/bibliografia\\\/\",\"name\":\"Bibliografia - Bilboseitai\",\"isPartOf\":{\"@id\":\"https:\\\/\\\/www.bilboseitai.com\\\/#website\"},\"datePublished\":\"2026-03-04T12:11:36+00:00\",\"dateModified\":\"2026-04-07T18:33:26+00:00\",\"breadcrumb\":{\"@id\":\"https:\\\/\\\/www.bilboseitai.com\\\/eu\\\/bibliografia\\\/#breadcrumb\"},\"inLanguage\":\"eu-ES\",\"potentialAction\":[{\"@type\":\"ReadAction\",\"target\":[\"https:\\\/\\\/www.bilboseitai.com\\\/eu\\\/bibliografia\\\/\"]}]},{\"@type\":\"BreadcrumbList\",\"@id\":\"https:\\\/\\\/www.bilboseitai.com\\\/eu\\\/bibliografia\\\/#breadcrumb\",\"itemListElement\":[{\"@type\":\"ListItem\",\"position\":1,\"name\":\"Portada\",\"item\":\"https:\\\/\\\/www.bilboseitai.com\\\/eu\\\/\"},{\"@type\":\"ListItem\",\"position\":2,\"name\":\"Bibliografia\"}]},{\"@type\":\"WebSite\",\"@id\":\"https:\\\/\\\/www.bilboseitai.com\\\/#website\",\"url\":\"https:\\\/\\\/www.bilboseitai.com\\\/\",\"name\":\"Bilboseitai\",\"description\":\"C\u00f3mo movernos de manera natural, respetando nuestro cuerpo y nuestro vaiv\u00e9n, sin esfuerzo y mediante un sincero di\u00e1logo interior.\",\"potentialAction\":[{\"@type\":\"SearchAction\",\"target\":{\"@type\":\"EntryPoint\",\"urlTemplate\":\"https:\\\/\\\/www.bilboseitai.com\\\/?s={search_term_string}\"},\"query-input\":{\"@type\":\"PropertyValueSpecification\",\"valueRequired\":true,\"valueName\":\"search_term_string\"}}],\"inLanguage\":\"eu-ES\"}]}<\/script>\n<!-- \/ Yoast SEO plugin. -->","yoast_head_json":{"title":"Bibliografia - Bilboseitai","robots":{"index":"index","follow":"follow","max-snippet":"max-snippet:-1","max-image-preview":"max-image-preview:large","max-video-preview":"max-video-preview:-1"},"canonical":"https:\/\/www.bilboseitai.com\/eu\/bibliografia\/","og_locale":"eu_ES","og_type":"article","og_title":"Bibliografia - Bilboseitai","og_url":"https:\/\/www.bilboseitai.com\/eu\/bibliografia\/","og_site_name":"Bilboseitai","article_modified_time":"2026-04-07T18:33:26+00:00","twitter_card":"summary_large_image","twitter_misc":{"Est. reading time":"2 minutes"},"schema":{"@context":"https:\/\/schema.org","@graph":[{"@type":"WebPage","@id":"https:\/\/www.bilboseitai.com\/eu\/bibliografia\/","url":"https:\/\/www.bilboseitai.com\/eu\/bibliografia\/","name":"Bibliografia - Bilboseitai","isPartOf":{"@id":"https:\/\/www.bilboseitai.com\/#website"},"datePublished":"2026-03-04T12:11:36+00:00","dateModified":"2026-04-07T18:33:26+00:00","breadcrumb":{"@id":"https:\/\/www.bilboseitai.com\/eu\/bibliografia\/#breadcrumb"},"inLanguage":"eu-ES","potentialAction":[{"@type":"ReadAction","target":["https:\/\/www.bilboseitai.com\/eu\/bibliografia\/"]}]},{"@type":"BreadcrumbList","@id":"https:\/\/www.bilboseitai.com\/eu\/bibliografia\/#breadcrumb","itemListElement":[{"@type":"ListItem","position":1,"name":"Portada","item":"https:\/\/www.bilboseitai.com\/eu\/"},{"@type":"ListItem","position":2,"name":"Bibliografia"}]},{"@type":"WebSite","@id":"https:\/\/www.bilboseitai.com\/#website","url":"https:\/\/www.bilboseitai.com\/","name":"Bilboseitai","description":"C\u00f3mo movernos de manera natural, respetando nuestro cuerpo y nuestro vaiv\u00e9n, sin esfuerzo y mediante un sincero di\u00e1logo interior.","potentialAction":[{"@type":"SearchAction","target":{"@type":"EntryPoint","urlTemplate":"https:\/\/www.bilboseitai.com\/?s={search_term_string}"},"query-input":{"@type":"PropertyValueSpecification","valueRequired":true,"valueName":"search_term_string"}}],"inLanguage":"eu-ES"}]}},"_links":{"self":[{"href":"https:\/\/www.bilboseitai.com\/eu\/wp-json\/wp\/v2\/pages\/897","targetHints":{"allow":["GET"]}}],"collection":[{"href":"https:\/\/www.bilboseitai.com\/eu\/wp-json\/wp\/v2\/pages"}],"about":[{"href":"https:\/\/www.bilboseitai.com\/eu\/wp-json\/wp\/v2\/types\/page"}],"author":[{"embeddable":true,"href":"https:\/\/www.bilboseitai.com\/eu\/wp-json\/wp\/v2\/users\/2"}],"replies":[{"embeddable":true,"href":"https:\/\/www.bilboseitai.com\/eu\/wp-json\/wp\/v2\/comments?post=897"}],"version-history":[{"count":3,"href":"https:\/\/www.bilboseitai.com\/eu\/wp-json\/wp\/v2\/pages\/897\/revisions"}],"predecessor-version":[{"id":1095,"href":"https:\/\/www.bilboseitai.com\/eu\/wp-json\/wp\/v2\/pages\/897\/revisions\/1095"}],"wp:attachment":[{"href":"https:\/\/www.bilboseitai.com\/eu\/wp-json\/wp\/v2\/media?parent=897"}],"curies":[{"name":"wp","href":"https:\/\/api.w.org\/{rel}","templated":true}]}}