{"id":894,"date":"2026-03-04T11:16:49","date_gmt":"2026-03-04T10:16:49","guid":{"rendered":"https:\/\/www.bilboseitai.com\/contacto\/"},"modified":"2026-04-29T19:04:28","modified_gmt":"2026-04-29T17:04:28","slug":"contacto","status":"publish","type":"page","link":"https:\/\/www.bilboseitai.com\/eu\/contacto\/","title":{"rendered":"Harremana"},"content":{"rendered":"<section class=\"l-section wpb_row height_large width_full with_img parallax_ver parallaxdir_reversed\"><div class=\"l-section-img\" role=\"img\" aria-label=\"Image\" data-img-width=\"1500\" data-img-height=\"1130\" style=\"background-image: url(https:\/\/www.bilboseitai.com\/wp-content\/uploads\/2026\/02\/156373.jpg);background-repeat: no-repeat;\"><\/div><div class=\"l-section-overlay\" style=\"background:rgba(0,0,0,0.45)\"><\/div><div class=\"l-section-h i-cf\"><div class=\"g-cols vc_row via_grid cols_1 laptops-cols_inherit tablets-cols_inherit mobiles-cols_1 valign_top type_default stacking_default\"><div class=\"wpb_column vc_column_container\"><div class=\"vc_column-inner\"><div class=\"w-separator size_large\"><\/div><div class=\"g-cols wpb_row via_grid cols_4 laptops-cols_inherit tablets-cols_inherit mobiles-cols_1 valign_top type_default stacking_default\" style=\"--columns-gap:3rem;\"><div class=\"wpb_column vc_column_container\"><div class=\"vc_column-inner\"><\/div><\/div><div class=\"wpb_column vc_column_container\"><div class=\"vc_column-inner\"><h1 class=\"w-text us_custom_6e3e5786 has_text_color\"><span class=\"w-text-h\"><span class=\"w-text-value\">Joseba Sierra Ruiz<\/span><\/span><\/h1><\/div><\/div><div class=\"wpb_column vc_column_container\"><div class=\"vc_column-inner\"><\/div><\/div><div class=\"wpb_column vc_column_container\"><div class=\"vc_column-inner\"><\/div><\/div><\/div><div class=\"w-separator hide_on_mobiles size_small with_line width_50 thick_1 style_solid color_border align_center\"><div class=\"w-separator-h\"><\/div><\/div><div class=\"g-cols wpb_row via_grid cols_4 laptops-cols_inherit tablets-cols_inherit mobiles-cols_1 valign_middle type_default stacking_default\" style=\"--columns-gap:0rem;\"><div class=\"wpb_column vc_column_container\"><div class=\"vc_column-inner\"><\/div><\/div><div class=\"wpb_column vc_column_container us_custom_5a80e12b\"><div class=\"vc_column-inner\"><div class=\"w-iconbox us_custom_6df4bc3a has_text_color iconpos_left style_default color_custom align_left no_text\"><div class=\"w-iconbox-icon\" style=\"font-size:1.5rem;--icon-color:#ffffff;\"><i class=\"fas fa-globe-africa\"><\/i><\/div><div class=\"w-iconbox-meta\"><h4 class=\"w-iconbox-title\">48003 Bilbo (BIZKAIA)<\/h4><\/div><\/div><div class=\"w-separator size_small\"><\/div><div class=\"w-iconbox us_custom_6df4bc3a has_text_color iconpos_left style_default color_custom align_left no_text\"><a href=\"tel:(+34) 630 731 329\" class=\"w-iconbox-link\" aria-label=\"(+34) 630 731 329\"><div class=\"w-iconbox-icon\" style=\"font-size:1.5rem;--icon-color:#ffffff;\"><i class=\"fas fa-mobile-alt\"><\/i><\/div><\/a><div class=\"w-iconbox-meta\"><h4 class=\"w-iconbox-title\"><a href=\"tel:(+34) 630 731 329\" class=\"w-iconbox-link\" aria-label=\"(+34) 630 731 329\">(+34) 630 731 329<\/a><\/h4><\/div><\/div><div class=\"w-separator size_small\"><\/div><div class=\"w-iconbox us_custom_6df4bc3a has_text_color iconpos_left style_default color_custom align_left no_text\"><a href=\"mailto:info@bilboseitai.com\" class=\"w-iconbox-link\" aria-label=\"info@bilboseitai.com\"><div class=\"w-iconbox-icon\" style=\"font-size:1.5rem;--icon-color:#ffffff;\"><i class=\"fas fa-envelope-open-text\"><\/i><\/div><\/a><div class=\"w-iconbox-meta\"><h4 class=\"w-iconbox-title\"><a href=\"mailto:info@bilboseitai.com\" class=\"w-iconbox-link\" aria-label=\"info@bilboseitai.com\">info@bilboseitai.com<\/a><\/h4><\/div><\/div><\/div><\/div><div class=\"wpb_column vc_column_container us_custom_5a80e12b\"><div class=\"vc_column-inner\"><div class=\"w-iconbox us_custom_6df4bc3a has_text_color iconpos_left style_default color_custom align_left no_text\"><a target=\"_blank\" href=\"https:\/\/www.seitaibarcelona.com\" class=\"w-iconbox-link\" aria-label=\"Bartzelonako Seitai Fundazioko kidea\"><div class=\"w-iconbox-icon\" style=\"font-size:1.5rem;--icon-color:#ffffff;\"><i class=\"fas fa-users\"><\/i><\/div><\/a><div class=\"w-iconbox-meta\"><h4 class=\"w-iconbox-title\"><a target=\"_blank\" href=\"https:\/\/www.seitaibarcelona.com\" class=\"w-iconbox-link\" aria-label=\"Bartzelonako Seitai Fundazioko kidea\">Bartzelonako Seitai Fundazioko kidea<\/a><\/h4><\/div><\/div><div class=\"w-separator size_small\"><\/div><div class=\"w-iconbox us_custom_6df4bc3a has_text_color iconpos_left style_default color_custom align_left no_text\"><a target=\"_blank\" href=\"https:\/\/www.seitai.org\" class=\"w-iconbox-link\" aria-label=\"Seitai Kyokai Tokyoko kidea\"><div class=\"w-iconbox-icon\" style=\"font-size:1.5rem;--icon-color:#ffffff;\"><i class=\"fas fa-torii-gate\"><\/i><\/div><\/a><div class=\"w-iconbox-meta\"><h4 class=\"w-iconbox-title\"><a target=\"_blank\" href=\"https:\/\/www.seitai.org\" class=\"w-iconbox-link\" aria-label=\"Seitai Kyokai Tokyoko kidea\">Seitai Kyokai Tokyoko kidea<\/a><\/h4><\/div><\/div><\/div><\/div><div class=\"wpb_column vc_column_container\"><div class=\"vc_column-inner\"><\/div><\/div><\/div><div class=\"w-separator size_large\"><\/div><\/div><\/div><\/div><\/div><\/section>\n","protected":false},"excerpt":{"rendered":"Joseba Sierra Ruiz48003 Bilbo (BIZKAIA)(+34) 630 731 329info@bilboseitai.comBartzelonako Seitai Fundazioko kideaSeitai Kyokai Tokyoko kidea","protected":false},"author":2,"featured_media":0,"parent":0,"menu_order":0,"comment_status":"closed","ping_status":"closed","template":"","meta":{"_joinchat":[],"footnotes":""},"class_list":["post-894","page","type-page","status-publish","hentry"],"yoast_head":"<!-- This site is optimized with the Yoast SEO plugin v27.5 - https:\/\/yoast.com\/product\/yoast-seo-wordpress\/ -->\n<title>Harremana - Bilboseitai<\/title>\n<meta name=\"robots\" content=\"index, follow, max-snippet:-1, max-image-preview:large, max-video-preview:-1\" \/>\n<link rel=\"canonical\" href=\"https:\/\/www.bilboseitai.com\/eu\/contacto\/\" \/>\n<meta property=\"og:locale\" content=\"eu_ES\" \/>\n<meta property=\"og:type\" content=\"article\" \/>\n<meta property=\"og:title\" content=\"Harremana - Bilboseitai\" \/>\n<meta property=\"og:url\" content=\"https:\/\/www.bilboseitai.com\/eu\/contacto\/\" \/>\n<meta property=\"og:site_name\" content=\"Bilboseitai\" \/>\n<meta property=\"article:modified_time\" content=\"2026-04-29T17:04:28+00:00\" \/>\n<meta name=\"twitter:card\" content=\"summary_large_image\" \/>\n<meta name=\"twitter:label1\" content=\"Est. reading time\" \/>\n\t<meta name=\"twitter:data1\" content=\"1 minute\" \/>\n<script type=\"application\/ld+json\" class=\"yoast-schema-graph\">{\"@context\":\"https:\\\/\\\/schema.org\",\"@graph\":[{\"@type\":\"WebPage\",\"@id\":\"https:\\\/\\\/www.bilboseitai.com\\\/eu\\\/contacto\\\/\",\"url\":\"https:\\\/\\\/www.bilboseitai.com\\\/eu\\\/contacto\\\/\",\"name\":\"Harremana - Bilboseitai\",\"isPartOf\":{\"@id\":\"https:\\\/\\\/www.bilboseitai.com\\\/#website\"},\"datePublished\":\"2026-03-04T10:16:49+00:00\",\"dateModified\":\"2026-04-29T17:04:28+00:00\",\"breadcrumb\":{\"@id\":\"https:\\\/\\\/www.bilboseitai.com\\\/eu\\\/contacto\\\/#breadcrumb\"},\"inLanguage\":\"eu-ES\",\"potentialAction\":[{\"@type\":\"ReadAction\",\"target\":[\"https:\\\/\\\/www.bilboseitai.com\\\/eu\\\/contacto\\\/\"]}]},{\"@type\":\"BreadcrumbList\",\"@id\":\"https:\\\/\\\/www.bilboseitai.com\\\/eu\\\/contacto\\\/#breadcrumb\",\"itemListElement\":[{\"@type\":\"ListItem\",\"position\":1,\"name\":\"Portada\",\"item\":\"https:\\\/\\\/www.bilboseitai.com\\\/eu\\\/\"},{\"@type\":\"ListItem\",\"position\":2,\"name\":\"Harremana\"}]},{\"@type\":\"WebSite\",\"@id\":\"https:\\\/\\\/www.bilboseitai.com\\\/#website\",\"url\":\"https:\\\/\\\/www.bilboseitai.com\\\/\",\"name\":\"Bilboseitai\",\"description\":\"C\u00f3mo movernos de manera natural, respetando nuestro cuerpo y nuestro vaiv\u00e9n, sin esfuerzo y mediante un sincero di\u00e1logo interior.\",\"potentialAction\":[{\"@type\":\"SearchAction\",\"target\":{\"@type\":\"EntryPoint\",\"urlTemplate\":\"https:\\\/\\\/www.bilboseitai.com\\\/?s={search_term_string}\"},\"query-input\":{\"@type\":\"PropertyValueSpecification\",\"valueRequired\":true,\"valueName\":\"search_term_string\"}}],\"inLanguage\":\"eu-ES\"}]}<\/script>\n<!-- \/ Yoast SEO plugin. -->","yoast_head_json":{"title":"Harremana - Bilboseitai","robots":{"index":"index","follow":"follow","max-snippet":"max-snippet:-1","max-image-preview":"max-image-preview:large","max-video-preview":"max-video-preview:-1"},"canonical":"https:\/\/www.bilboseitai.com\/eu\/contacto\/","og_locale":"eu_ES","og_type":"article","og_title":"Harremana - Bilboseitai","og_url":"https:\/\/www.bilboseitai.com\/eu\/contacto\/","og_site_name":"Bilboseitai","article_modified_time":"2026-04-29T17:04:28+00:00","twitter_card":"summary_large_image","twitter_misc":{"Est. reading time":"1 minute"},"schema":{"@context":"https:\/\/schema.org","@graph":[{"@type":"WebPage","@id":"https:\/\/www.bilboseitai.com\/eu\/contacto\/","url":"https:\/\/www.bilboseitai.com\/eu\/contacto\/","name":"Harremana - Bilboseitai","isPartOf":{"@id":"https:\/\/www.bilboseitai.com\/#website"},"datePublished":"2026-03-04T10:16:49+00:00","dateModified":"2026-04-29T17:04:28+00:00","breadcrumb":{"@id":"https:\/\/www.bilboseitai.com\/eu\/contacto\/#breadcrumb"},"inLanguage":"eu-ES","potentialAction":[{"@type":"ReadAction","target":["https:\/\/www.bilboseitai.com\/eu\/contacto\/"]}]},{"@type":"BreadcrumbList","@id":"https:\/\/www.bilboseitai.com\/eu\/contacto\/#breadcrumb","itemListElement":[{"@type":"ListItem","position":1,"name":"Portada","item":"https:\/\/www.bilboseitai.com\/eu\/"},{"@type":"ListItem","position":2,"name":"Harremana"}]},{"@type":"WebSite","@id":"https:\/\/www.bilboseitai.com\/#website","url":"https:\/\/www.bilboseitai.com\/","name":"Bilboseitai","description":"C\u00f3mo movernos de manera natural, respetando nuestro cuerpo y nuestro vaiv\u00e9n, sin esfuerzo y mediante un sincero di\u00e1logo interior.","potentialAction":[{"@type":"SearchAction","target":{"@type":"EntryPoint","urlTemplate":"https:\/\/www.bilboseitai.com\/?s={search_term_string}"},"query-input":{"@type":"PropertyValueSpecification","valueRequired":true,"valueName":"search_term_string"}}],"inLanguage":"eu-ES"}]}},"_links":{"self":[{"href":"https:\/\/www.bilboseitai.com\/eu\/wp-json\/wp\/v2\/pages\/894","targetHints":{"allow":["GET"]}}],"collection":[{"href":"https:\/\/www.bilboseitai.com\/eu\/wp-json\/wp\/v2\/pages"}],"about":[{"href":"https:\/\/www.bilboseitai.com\/eu\/wp-json\/wp\/v2\/types\/page"}],"author":[{"embeddable":true,"href":"https:\/\/www.bilboseitai.com\/eu\/wp-json\/wp\/v2\/users\/2"}],"replies":[{"embeddable":true,"href":"https:\/\/www.bilboseitai.com\/eu\/wp-json\/wp\/v2\/comments?post=894"}],"version-history":[{"count":8,"href":"https:\/\/www.bilboseitai.com\/eu\/wp-json\/wp\/v2\/pages\/894\/revisions"}],"predecessor-version":[{"id":1283,"href":"https:\/\/www.bilboseitai.com\/eu\/wp-json\/wp\/v2\/pages\/894\/revisions\/1283"}],"wp:attachment":[{"href":"https:\/\/www.bilboseitai.com\/eu\/wp-json\/wp\/v2\/media?parent=894"}],"curies":[{"name":"wp","href":"https:\/\/api.w.org\/{rel}","templated":true}]}}